{"id":42,"date":"2021-04-04T16:50:27","date_gmt":"2021-04-04T16:50:27","guid":{"rendered":"https:\/\/devonrex.fi\/wordpress\/?page_id=42"},"modified":"2021-04-04T16:50:27","modified_gmt":"2021-04-04T16:50:27","slug":"ukk","status":"publish","type":"page","link":"https:\/\/devonrex.fi\/?page_id=42","title":{"rendered":"UKK"},"content":{"rendered":"\n<p>Alle on ker\u00e4tty yleisimpi\u00e4 kysymyksi\u00e4 rodusta ja devonin hankkimisesta. Muistathan my\u00f6s\u00a0<a href=\"https:\/\/devonrex.fi\/wordpress\/?page_id=38\" data-type=\"page\" data-id=\"38\">lukea ostajan oppaan<\/a>.<\/p>\n\n\n\n<p><\/p>\n\n\n\n<h4 class=\"wp-block-heading\">Olen kuullut, ett\u00e4 devon ei allergisoi?<\/h4>\n\n\n\n<p>Mik\u00e4\u00e4n kissarotu ei ole allergisoimaton. El\u00e4inp\u00f6ly on yksi voimakkaimmista allergisten oireiden aiheuttajista. El\u00e4imen sylki, virtsa ja ulosteet aiheuttavat hengitystie-, silm\u00e4- ja iho-oireita. Taipumus allergiaan ja\/tai astmaan on usein perinn\u00f6llist\u00e4 ja kissa on yksi pahiten allergisoivista lemmikeist\u00e4. Kissaallergia on reaktio kissan glykoproteiiniin, jota pitk\u00e4lti l\u00f6ytyy kissan syljest\u00e4 ja ihosta. Kissan glykoproteiin aiheuttaa ihmisess\u00e4 reaktion, joka perustuu siihen, ett\u00e4 immuunij\u00e4rjestelm\u00e4 reagoi vieraita proteiineja vastaan samalla tavalla kuin vieraaseen patogeeniin (=sairautta aiheuttava loinen, bakteeri, virus tai prioni). Proteiini Fel d 1 tarttuu kissan karvoihin syljest\u00e4, kun kissa peseytyy tai kissan hilseest\u00e4.<\/p>\n\n\n\n<p>On sanottu, ett\u00e4 devonista ja muutamasta muusta rodusta puuttuisi t\u00e4m\u00e4 kyseinen Fel d 1-proteiini, mutta mit\u00e4\u00e4n tieteellisi\u00e4 tutkimuksia ei tietojemme mukaan ole.<\/p>\n\n\n\n<p>Aikuinen voi p\u00e4\u00e4tt\u00e4\u00e4 itse omat riskins\u00e4 ja tiedostaa ne, mutta aikuisen ollessa lapsesta vastuussa, vastuuntuntoinen aikuinen ei l\u00e4hde pahentamaan vakavan sairauden etenemist\u00e4 ottamalla lemmikkiel\u00e4int\u00e4. Lasta on turha altistaa riskeille ja terveydellisille haitoille sek\u00e4 mielipahalla, joka tulee kun lemmikist\u00e4 on luovuttava pahenevan allergian takia.<\/p>\n\n\n\n<p><\/p>\n\n\n\n<h4 class=\"wp-block-heading\">Devonista ei l\u00e4hde karvaa?<\/h4>\n\n\n\n<p>Devoneista ei l\u00e4hde yht\u00e4 paljon karvaa kuin pitk\u00e4karvaisista roduista, mutta kyll\u00e4 devonista jonkin verran karvaa irtoaa. Karva tosin on yleens\u00e4 hyvin pehme\u00e4\u00e4 ja lyhytt\u00e4, joten sit\u00e4 ei vaatteissa huomaa niink\u00e4\u00e4n helposti.<\/p>\n\n\n\n<p><\/p>\n\n\n\n<h4 class=\"wp-block-heading\">Onko pakko ottaa kaksi devon rexi\u00e4 samaan aikaan, vai p\u00e4rj\u00e4\u00e4v\u00e4tk\u00f6 ne yksin?<\/h4>\n\n\n\n<p>Devon rex viihtyy parhaiten lajitoverinsa kanssa. Rptu p\u00e4rj\u00e4\u00e4 kyll\u00e4 yksinkin, mik\u00e4li sill\u00e4 on tarpeeksi seuraa, sit\u00e4 ei j\u00e4tet\u00e4 yksin pitkiksi ajoiksi ja sill\u00e4 on virikkeit\u00e4 tarjolla. Rotu on eritt\u00e4in sosiaalinen ja se kannattaa pit\u00e4\u00e4 mieless\u00e4, kun harkitsee devonin hankkimista. Mik\u00e4li harkitset devonin ottamista kaveriksi toiselle rodulle on suositus, ett\u00e4 yksil\u00f6iden energiatasot kohtaa jolloin niist\u00e4 on eniten seuraa toisilleen (ei niin, ett\u00e4 toinen on seniori jolle otetaan leikkikaveriksi nuori pentu).<\/p>\n\n\n\n<p><\/p>\n\n\n\n<h4 class=\"wp-block-heading\">Onko sukupuolien v\u00e4lill\u00e4 merkitt\u00e4vi\u00e4 luonne-eroja?<\/h4>\n\n\n\n<p>T\u00e4m\u00e4 on eritt\u00e4in yksil\u00f6kohtaista \u2013 kissat eiv\u00e4t ole tiettyyn malliin upotettuja. Yleens\u00e4 kuitenkin puhutaan, ett\u00e4 urokset ovat leppoisia, syliss\u00e4 viihtyvi\u00e4 kissoja, kun taas naaraat ovat enemm\u00e4n yksinel\u00e4ji\u00e4. Korostettakoon viel\u00e4, ett\u00e4 t\u00e4m\u00e4 on yleist\u00e4mist\u00e4 ja kissan luonne paljastuu, kun k\u00e4y tapaamassa kissaa ymp\u00e4rist\u00f6ss\u00e4, joka on sille tuttu.<\/p>\n\n\n\n<p><\/p>\n\n\n\n<h4 class=\"wp-block-heading\">Paljonko devon maksaa, ja miksi se maksaa niin paljon?<\/h4>\n\n\n\n<p>Devon rex maksaa noin 900-1400\u20ac, mutta jokainen kasvattaja m\u00e4\u00e4rittelee itse pentujensa hintatason. Halpa ei ole aina hyv\u00e4 ja kallis ei ole aina terve. Aina kannattaa varmistaa, ett\u00e4 pentu on saannut hyv\u00e4n l\u00e4ht\u00f6kohdan el\u00e4m\u00e4\u00e4ns\u00e4.\u00a0<a rel=\"noreferrer noopener\" href=\"http:\/\/devonrex.fi\/?page_id=334\" target=\"_blank\">Lue lis\u00e4\u00e4 ostajan oppaasta miksi devon rex maksaa.<\/a><\/p>\n\n\n\n<p><\/p>\n\n\n\n<h4 class=\"wp-block-heading\">Voinko maksaa osamaksulla?<\/h4>\n\n\n\n<p>T\u00e4m\u00e4 on jokaisen kasvattajan itse p\u00e4\u00e4tett\u00e4v\u00e4 ja sit\u00e4 kannattaa kysy\u00e4 suoraan kasvattajalta.<\/p>\n","protected":false},"excerpt":{"rendered":"<p>Alle on ker\u00e4tty yleisimpi\u00e4 kysymyksi\u00e4 rodusta ja devonin hankkimisesta. Muistathan my\u00f6s\u00a0lukea ostajan oppaan. Olen kuullut, ett\u00e4 devon ei allergisoi? Mik\u00e4\u00e4n kissarotu ei ole allergisoimaton. El\u00e4inp\u00f6ly on yksi voimakkaimmista allergisten oireiden aiheuttajista. El\u00e4imen sylki, virtsa ja ulosteet aiheuttavat hengitystie-, silm\u00e4- ja iho-oireita. Taipumus allergiaan ja\/tai astmaan on usein perinn\u00f6llist\u00e4 ja kissa on yksi pahiten allergisoivista lemmikeist\u00e4. Kissaallergia on reaktio kissan glykoproteiiniin, jota pitk\u00e4lti l\u00f6ytyy kissan syljest\u00e4 ja ihosta. Kissan glykoproteiin aiheuttaa ihmisess\u00e4 reaktion, joka perustuu siihen, ett\u00e4 immuunij\u00e4rjestelm\u00e4 reagoi vieraita proteiineja vastaan samalla tavalla kuin vieraaseen patogeeniin (=sairautta aiheuttava loinen, bakteeri, virus tai prioni). Proteiini Fel d 1 tarttuu kissan karvoihin syljest\u00e4, kun kissa peseytyy tai kissan hilseest\u00e4. On sanottu, ett\u00e4 devonista ja muutamasta muusta rodusta puuttuisi t\u00e4m\u00e4 kyseinen Fel d 1-proteiini, mutta mit\u00e4\u00e4n tieteellisi\u00e4 tutkimuksia ei tietojemme mukaan ole. Aikuinen voi p\u00e4\u00e4tt\u00e4\u00e4 itse omat riskins\u00e4 ja tiedostaa ne, mutta aikuisen ollessa lapsesta vastuussa, vastuuntuntoinen aikuinen ei l\u00e4hde pahentamaan vakavan sairauden etenemist\u00e4 ottamalla lemmikkiel\u00e4int\u00e4. Lasta on turha altistaa riskeille ja terveydellisille haitoille sek\u00e4 mielipahalla, joka tulee kun lemmikist\u00e4 on luovuttava pahenevan allergian takia. Devonista ei l\u00e4hde karvaa? Devoneista ei l\u00e4hde yht\u00e4 paljon karvaa kuin pitk\u00e4karvaisista roduista, mutta kyll\u00e4 devonista jonkin verran karvaa irtoaa. Karva tosin on yleens\u00e4 hyvin pehme\u00e4\u00e4 ja lyhytt\u00e4, joten sit\u00e4 ei vaatteissa huomaa niink\u00e4\u00e4n helposti. Onko pakko ottaa kaksi devon rexi\u00e4 samaan aikaan, vai p\u00e4rj\u00e4\u00e4v\u00e4tk\u00f6 ne yksin? Devon rex viihtyy parhaiten lajitoverinsa kanssa. Rptu p\u00e4rj\u00e4\u00e4 kyll\u00e4 yksinkin, mik\u00e4li sill\u00e4 on tarpeeksi seuraa, sit\u00e4 ei j\u00e4tet\u00e4 yksin pitkiksi ajoiksi ja sill\u00e4 on virikkeit\u00e4 tarjolla. Rotu on eritt\u00e4in sosiaalinen ja se kannattaa pit\u00e4\u00e4 mieless\u00e4, kun harkitsee devonin hankkimista. Mik\u00e4li harkitset devonin ottamista kaveriksi toiselle rodulle on suositus, ett\u00e4 yksil\u00f6iden energiatasot kohtaa jolloin niist\u00e4 on eniten seuraa toisilleen (ei niin, ett\u00e4 toinen on seniori jolle otetaan leikkikaveriksi nuori pentu). Onko sukupuolien v\u00e4lill\u00e4 merkitt\u00e4vi\u00e4 luonne-eroja? T\u00e4m\u00e4 on eritt\u00e4in yksil\u00f6kohtaista \u2013 kissat eiv\u00e4t ole tiettyyn malliin upotettuja. Yleens\u00e4 kuitenkin puhutaan, ett\u00e4 urokset ovat leppoisia, syliss\u00e4 viihtyvi\u00e4 kissoja, kun taas naaraat ovat enemm\u00e4n yksinel\u00e4ji\u00e4. Korostettakoon viel\u00e4, ett\u00e4 t\u00e4m\u00e4 on yleist\u00e4mist\u00e4 ja kissan luonne paljastuu, kun k\u00e4y tapaamassa kissaa ymp\u00e4rist\u00f6ss\u00e4, joka on sille tuttu. Paljonko devon maksaa, ja miksi se maksaa niin paljon? Devon rex maksaa noin 900-1400\u20ac, mutta jokainen kasvattaja m\u00e4\u00e4rittelee itse pentujensa hintatason. Halpa ei ole aina hyv\u00e4 ja kallis ei ole aina terve. Aina kannattaa varmistaa, ett\u00e4 pentu on saannut hyv\u00e4n l\u00e4ht\u00f6kohdan el\u00e4m\u00e4\u00e4ns\u00e4.\u00a0Lue lis\u00e4\u00e4 ostajan oppaasta miksi devon rex maksaa. Voinko maksaa osamaksulla? T\u00e4m\u00e4 on jokaisen kasvattajan itse p\u00e4\u00e4tett\u00e4v\u00e4 ja sit\u00e4 kannattaa kysy\u00e4 suoraan kasvattajalta.<\/p>\n","protected":false},"author":2,"featured_media":0,"parent":0,"menu_order":0,"comment_status":"closed","ping_status":"closed","template":"","meta":{"footnotes":""},"class_list":["post-42","page","type-page","status-publish","hentry"],"_links":{"self":[{"href":"https:\/\/devonrex.fi\/index.php?rest_route=\/wp\/v2\/pages\/42","targetHints":{"allow":["GET"]}}],"collection":[{"href":"https:\/\/devonrex.fi\/index.php?rest_route=\/wp\/v2\/pages"}],"about":[{"href":"https:\/\/devonrex.fi\/index.php?rest_route=\/wp\/v2\/types\/page"}],"author":[{"embeddable":true,"href":"https:\/\/devonrex.fi\/index.php?rest_route=\/wp\/v2\/users\/2"}],"replies":[{"embeddable":true,"href":"https:\/\/devonrex.fi\/index.php?rest_route=%2Fwp%2Fv2%2Fcomments&post=42"}],"version-history":[{"count":0,"href":"https:\/\/devonrex.fi\/index.php?rest_route=\/wp\/v2\/pages\/42\/revisions"}],"wp:attachment":[{"href":"https:\/\/devonrex.fi\/index.php?rest_route=%2Fwp%2Fv2%2Fmedia&parent=42"}],"curies":[{"name":"wp","href":"https:\/\/api.w.org\/{rel}","templated":true}]}}