{"id":31,"date":"2021-04-04T15:38:37","date_gmt":"2021-04-04T15:38:37","guid":{"rendered":"https:\/\/devonrex.fi\/wordpress\/?page_id=31"},"modified":"2021-04-04T15:38:37","modified_gmt":"2021-04-04T15:38:37","slug":"lisaa-pentue","status":"publish","type":"page","link":"https:\/\/devonrex.fi\/?page_id=31","title":{"rendered":"Lis\u00e4\u00e4 pentue"},"content":{"rendered":"\n<p>Voit lis\u00e4t\u00e4 pentueesi listalle mik\u00e4li tietosi l\u00f6ytyy kasvattajat-listalla. T\u00e4yt\u00e4 lomake huolella.\u00a0Pentue poistetaan listalta 3kk lis\u00e4\u00e4misest\u00e4\/p\u00e4ivityksest\u00e4 mik\u00e4li kasvattaja ei ole ilmoittanut jatkavansa ilmoitusta.<\/p>\n","protected":false},"excerpt":{"rendered":"<p>Voit lis\u00e4t\u00e4 pentueesi listalle mik\u00e4li tietosi l\u00f6ytyy kasvattajat-listalla. T\u00e4yt\u00e4 lomake huolella.\u00a0Pentue poistetaan listalta 3kk lis\u00e4\u00e4misest\u00e4\/p\u00e4ivityksest\u00e4 mik\u00e4li kasvattaja ei ole ilmoittanut jatkavansa ilmoitusta.<\/p>\n","protected":false},"author":2,"featured_media":0,"parent":0,"menu_order":0,"comment_status":"closed","ping_status":"closed","template":"","meta":{"footnotes":""},"class_list":["post-31","page","type-page","status-publish","hentry"],"_links":{"self":[{"href":"https:\/\/devonrex.fi\/index.php?rest_route=\/wp\/v2\/pages\/31","targetHints":{"allow":["GET"]}}],"collection":[{"href":"https:\/\/devonrex.fi\/index.php?rest_route=\/wp\/v2\/pages"}],"about":[{"href":"https:\/\/devonrex.fi\/index.php?rest_route=\/wp\/v2\/types\/page"}],"author":[{"embeddable":true,"href":"https:\/\/devonrex.fi\/index.php?rest_route=\/wp\/v2\/users\/2"}],"replies":[{"embeddable":true,"href":"https:\/\/devonrex.fi\/index.php?rest_route=%2Fwp%2Fv2%2Fcomments&post=31"}],"version-history":[{"count":0,"href":"https:\/\/devonrex.fi\/index.php?rest_route=\/wp\/v2\/pages\/31\/revisions"}],"wp:attachment":[{"href":"https:\/\/devonrex.fi\/index.php?rest_route=%2Fwp%2Fv2%2Fmedia&parent=31"}],"curies":[{"name":"wp","href":"https:\/\/api.w.org\/{rel}","templated":true}]}}