{"id":27,"date":"2021-04-04T15:37:58","date_gmt":"2021-04-04T15:37:58","guid":{"rendered":"https:\/\/devonrex.fi\/wordpress\/?page_id=27"},"modified":"2021-04-04T15:37:58","modified_gmt":"2021-04-04T15:37:58","slug":"tietoa-kasvattamisesta","status":"publish","type":"page","link":"https:\/\/devonrex.fi\/?page_id=27","title":{"rendered":"Tietoa kasvattamisesta"},"content":{"rendered":"\n<p>Englanninkielinen sana breeding tarkoittaa sek\u00e4 kasvatusta, ett\u00e4 jalostusta. Suomenkieless\u00e4 n\u00e4ill\u00e4 kahdella sanalla on kuitenkin eroa; jalostus tarkoittaa koko populaatiotasolla suoritettua el\u00e4invalintaa, ja kasvatus kasvattajan tekem\u00e4\u00e4 el\u00e4invalintaa eli luonnonvalinnan sijasta ihminen valitsee seuraavan sukupolven vanhemmat.<\/p>\n\n\n\n<p>Jalostuksen tavoitteena on koko el\u00e4inaineksen perinn\u00f6llisen tason nostaminen ja sit\u00e4 kautta my\u00f6s yksitt\u00e4isten huippuyksil\u00f6iden l\u00f6yt\u00e4minen. Jalostuksessa t\u00e4rke\u00e4\u00e4 on suunnitelmallisuus; pit\u00e4\u00e4 mietti\u00e4 mit\u00e4 ominaisuuksia halutaan jalostaa, ja miten se k\u00e4yt\u00e4nn\u00f6ss\u00e4 tehd\u00e4\u00e4n. Jalostusohjelma m\u00e4\u00e4rittelee konkreettisesti miten tavoitteisiin p\u00e4\u00e4st\u00e4\u00e4n. Kasvatus voi onnistuessaan olla jalostamista, mutta n\u00e4in ei aina ole.<\/p>\n\n\n\n<p>Valinnassa on haasteena se, miten tunnistetaan perim\u00e4lt\u00e4\u00e4n parhaimmat kissat. Eri ominaisuuksien periytymiseen vaikuttavat kymmenet, tai jopa sadat perint\u00f6tekij\u00e4t jotka eiv\u00e4t n\u00e4y p\u00e4\u00e4llep\u00e4in. Jos valinta tapahtuu pelk\u00e4st\u00e4\u00e4n ulkon\u00e4\u00f6llisten (fenotyyppisten) havaintojen perusteella, ei valinta vie v\u00e4ltt\u00e4m\u00e4tt\u00e4 haluttuun lopputulokseen sill\u00e4 ominaisuuksiin vaikuttaa n\u00e4kyvien perint\u00f6tekij\u00f6iden lis\u00e4ksi my\u00f6s kaikki ne tekij\u00e4t joita silm\u00e4 ei n\u00e4e. Jotta valinnalla todella saavutetaan haluttua hy\u00f6ty\u00e4, tulee seuraavan sukupolven vanhemmiksi k\u00e4ytt\u00e4\u00e4 vain parhaita yksil\u00f6it\u00e4 kaikilta niilt\u00e4 osa-alueilta joita kasvattaja voi arvioida (mm. ulkon\u00e4k\u00f6, luonne, terveys, lis\u00e4\u00e4ntymiskyky ja -vietti).<\/p>\n\n\n\n<p>Syntyv\u00e4 pentue saa puolet perint\u00f6tekij\u00f6ist\u00e4\u00e4n is\u00e4lt\u00e4\u00e4n ja puolet emolta. Koska kissa on lemmikki monesti halutaan kasvattaa sill\u00e4 omalla rakkaalla kissalla vaikka sen perint\u00f6tekij\u00f6iden taso ei olisikaan korkea. T\u00e4m\u00e4 ei hy\u00f6dyt\u00e4 jalostusta.<\/p>\n\n\n\n<p>Jalostusohjelman seurannassa on erityisesti otettava huomioon tiettyj\u00e4 valintaan liittyvi\u00e4 riskej\u00e4 kuten sukusiitos. Sukulinjat kapenevat sit\u00e4 enemm\u00e4n, mit\u00e4 tehokkaampaa valinta on. Er\u00e4s tapa v\u00e4ltt\u00e4\u00e4 sukusiitosta on m\u00e4\u00e4ritell\u00e4 jaloistustavoite laajasti. T\u00e4ll\u00f6in kissoilla tulisi jalostuksen kohteena olla ulkon\u00e4\u00f6n ohella muitakin jalostettavia ominaisuuksia kuten rakenne, terveys, luonne ja hedelm\u00e4llisyys. Terveys- ja hedelm\u00e4llisyysominaisuuksiin liittyvien geenivirheiden seuranta on merkitt\u00e4v\u00e4\u00e4. Jos jossakin yksil\u00f6ss\u00e4 esiintyy geenivirheit\u00e4, sit\u00e4 ei tule k\u00e4ytt\u00e4\u00e4 siitokseen. N\u00e4iss\u00e4 tilanteissa koko populaation etu menee aina yksil\u00f6n edelle. N\u00e4m\u00e4 ovat merkitt\u00e4vi\u00e4 asioita erityisesti suljetuissa populaatiossa, joihin jalostusmateriaalia ei voida hakea muualta.<\/p>\n","protected":false},"excerpt":{"rendered":"<p>Englanninkielinen sana breeding tarkoittaa sek\u00e4 kasvatusta, ett\u00e4 jalostusta. Suomenkieless\u00e4 n\u00e4ill\u00e4 kahdella sanalla on kuitenkin eroa; jalostus tarkoittaa koko populaatiotasolla suoritettua el\u00e4invalintaa, ja kasvatus kasvattajan tekem\u00e4\u00e4 el\u00e4invalintaa eli luonnonvalinnan sijasta ihminen valitsee seuraavan sukupolven vanhemmat. Jalostuksen tavoitteena on koko el\u00e4inaineksen perinn\u00f6llisen tason nostaminen ja sit\u00e4 kautta my\u00f6s yksitt\u00e4isten huippuyksil\u00f6iden l\u00f6yt\u00e4minen. Jalostuksessa t\u00e4rke\u00e4\u00e4 on suunnitelmallisuus; pit\u00e4\u00e4 mietti\u00e4 mit\u00e4 ominaisuuksia halutaan jalostaa, ja miten se k\u00e4yt\u00e4nn\u00f6ss\u00e4 tehd\u00e4\u00e4n. Jalostusohjelma m\u00e4\u00e4rittelee konkreettisesti miten tavoitteisiin p\u00e4\u00e4st\u00e4\u00e4n. Kasvatus voi onnistuessaan olla jalostamista, mutta n\u00e4in ei aina ole. Valinnassa on haasteena se, miten tunnistetaan perim\u00e4lt\u00e4\u00e4n parhaimmat kissat. Eri ominaisuuksien periytymiseen vaikuttavat kymmenet, tai jopa sadat perint\u00f6tekij\u00e4t jotka eiv\u00e4t n\u00e4y p\u00e4\u00e4llep\u00e4in. Jos valinta tapahtuu pelk\u00e4st\u00e4\u00e4n ulkon\u00e4\u00f6llisten (fenotyyppisten) havaintojen perusteella, ei valinta vie v\u00e4ltt\u00e4m\u00e4tt\u00e4 haluttuun lopputulokseen sill\u00e4 ominaisuuksiin vaikuttaa n\u00e4kyvien perint\u00f6tekij\u00f6iden lis\u00e4ksi my\u00f6s kaikki ne tekij\u00e4t joita silm\u00e4 ei n\u00e4e. Jotta valinnalla todella saavutetaan haluttua hy\u00f6ty\u00e4, tulee seuraavan sukupolven vanhemmiksi k\u00e4ytt\u00e4\u00e4 vain parhaita yksil\u00f6it\u00e4 kaikilta niilt\u00e4 osa-alueilta joita kasvattaja voi arvioida (mm. ulkon\u00e4k\u00f6, luonne, terveys, lis\u00e4\u00e4ntymiskyky ja -vietti). Syntyv\u00e4 pentue saa puolet perint\u00f6tekij\u00f6ist\u00e4\u00e4n is\u00e4lt\u00e4\u00e4n ja puolet emolta. Koska kissa on lemmikki monesti halutaan kasvattaa sill\u00e4 omalla rakkaalla kissalla vaikka sen perint\u00f6tekij\u00f6iden taso ei olisikaan korkea. T\u00e4m\u00e4 ei hy\u00f6dyt\u00e4 jalostusta. Jalostusohjelman seurannassa on erityisesti otettava huomioon tiettyj\u00e4 valintaan liittyvi\u00e4 riskej\u00e4 kuten sukusiitos. Sukulinjat kapenevat sit\u00e4 enemm\u00e4n, mit\u00e4 tehokkaampaa valinta on. Er\u00e4s tapa v\u00e4ltt\u00e4\u00e4 sukusiitosta on m\u00e4\u00e4ritell\u00e4 jaloistustavoite laajasti. T\u00e4ll\u00f6in kissoilla tulisi jalostuksen kohteena olla ulkon\u00e4\u00f6n ohella muitakin jalostettavia ominaisuuksia kuten rakenne, terveys, luonne ja hedelm\u00e4llisyys. Terveys- ja hedelm\u00e4llisyysominaisuuksiin liittyvien geenivirheiden seuranta on merkitt\u00e4v\u00e4\u00e4. Jos jossakin yksil\u00f6ss\u00e4 esiintyy geenivirheit\u00e4, sit\u00e4 ei tule k\u00e4ytt\u00e4\u00e4 siitokseen. N\u00e4iss\u00e4 tilanteissa koko populaation etu menee aina yksil\u00f6n edelle. N\u00e4m\u00e4 ovat merkitt\u00e4vi\u00e4 asioita erityisesti suljetuissa populaatiossa, joihin jalostusmateriaalia ei voida hakea muualta.<\/p>\n","protected":false},"author":2,"featured_media":0,"parent":0,"menu_order":0,"comment_status":"closed","ping_status":"closed","template":"","meta":{"footnotes":""},"class_list":["post-27","page","type-page","status-publish","hentry"],"_links":{"self":[{"href":"https:\/\/devonrex.fi\/index.php?rest_route=\/wp\/v2\/pages\/27","targetHints":{"allow":["GET"]}}],"collection":[{"href":"https:\/\/devonrex.fi\/index.php?rest_route=\/wp\/v2\/pages"}],"about":[{"href":"https:\/\/devonrex.fi\/index.php?rest_route=\/wp\/v2\/types\/page"}],"author":[{"embeddable":true,"href":"https:\/\/devonrex.fi\/index.php?rest_route=\/wp\/v2\/users\/2"}],"replies":[{"embeddable":true,"href":"https:\/\/devonrex.fi\/index.php?rest_route=%2Fwp%2Fv2%2Fcomments&post=27"}],"version-history":[{"count":0,"href":"https:\/\/devonrex.fi\/index.php?rest_route=\/wp\/v2\/pages\/27\/revisions"}],"wp:attachment":[{"href":"https:\/\/devonrex.fi\/index.php?rest_route=%2Fwp%2Fv2%2Fmedia&parent=27"}],"curies":[{"name":"wp","href":"https:\/\/api.w.org\/{rel}","templated":true}]}}