{"id":23,"date":"2021-04-04T15:37:21","date_gmt":"2021-04-04T15:37:21","guid":{"rendered":"https:\/\/devonrex.fi\/wordpress\/?page_id=23"},"modified":"2025-05-15T17:20:26","modified_gmt":"2025-05-15T14:20:26","slug":"kasvattajat","status":"publish","type":"page","link":"https:\/\/devonrex.fi\/?page_id=23","title":{"rendered":"Kasvattajat"},"content":{"rendered":"\n<p>Listaa p\u00e4ivitetty 10\/2024<br>P\u00e4ivitykset ja muutospyynn\u00f6t hoitaa&nbsp;<a href=\"mailto:eva.wallinvirta@gmail.com\">Eva Wallinvirta<\/a>&nbsp;tai&nbsp;<a href=\"mailto:berrys.cattery@gmail.com\">Marja V\u00e4rri<\/a>.<\/p>\n\n\n\n<div style=\"height:35px\" aria-hidden=\"true\" class=\"wp-block-spacer\"><\/div>\n\n\n\n<hr class=\"wp-block-separator has-css-opacity is-style-wide\"\/>\n\n\n\n<div class=\"wp-block-columns is-layout-flex wp-container-core-columns-is-layout-9d6595d7 wp-block-columns-is-layout-flex\">\n<div class=\"wp-block-column is-layout-flow wp-block-column-is-layout-flow\">\n<p><strong>Avariel<\/strong> <br>Reine Austin, Loppi&nbsp;|&nbsp;050-4613202 <br><a href=\"mailto:reine.austin@outlook.com\">S\u00e4hk\u00f6posti&nbsp;<\/a>|&nbsp;<a rel=\"noreferrer noopener\" href=\"http:\/\/www.avarieldrx.com\/\" target=\"_blank\">Kotisivut<\/a><\/p>\n\n\n\n<hr class=\"wp-block-separator has-css-opacity\"\/>\n\n\n\n<p><strong>Bravefellow <\/strong><br>Pia Bj\u00f6rn, Hollola&nbsp;|&nbsp;044-0492270 <br><a href=\"mailto:bravefellow@suomi24.fi\">S\u00e4hk\u00f6posti&nbsp;<\/a>|&nbsp;<a rel=\"noreferrer noopener\" href=\"http:\/\/www.facebook.com\/pia.bjorn.3\" target=\"_blank\">Kotisivut<\/a><\/p>\n\n\n\n<hr class=\"wp-block-separator has-css-opacity\"\/>\n\n\n\n<p><strong>Clavinova <\/strong><br>Kyllikki Set\u00e4l\u00e4, Porvoo\/Hinthaara | 0509251359<br><a href=\"mailto:ksbioclic@gmail.com\">S\u00e4hk\u00f6posti<\/a>&nbsp;|&nbsp;<a rel=\"noreferrer noopener\" href=\"http:\/\/clavinova.123kotisivu.fi\/\" target=\"_blank\">Kotisivut<\/a><\/p>\n\n\n\n<hr class=\"wp-block-separator has-css-opacity\"\/>\n\n\n\n<p><strong>Gustavian <\/strong><br>Heidi Laakso-Kuivalainen, Siuntio <br><a href=\"mailto:heidi.laaksokuivalainen@gmail.com\">S\u00e4hk\u00f6posti<\/a>&nbsp;|&nbsp;<a rel=\"noreferrer noopener\" href=\"http:\/\/gustaviandevonrex.blogspot.com\/\" target=\"_blank\">Kotisivut<\/a><\/p>\n\n\n\n<hr class=\"wp-block-separator has-css-opacity\"\/>\n\n\n\n<p><strong>Mirexin <\/strong><br>Kati Koivisto, Vantaa&nbsp;|&nbsp;050-3401103 <br><a href=\"mailto:kaunisharju@netti.fi\">S\u00e4hk\u00f6posti<\/a>&nbsp;|&nbsp;<a rel=\"noreferrer noopener\" href=\"http:\/\/www.123kotisivu.fi\/mirexin\" target=\"_blank\">Kotisivut<\/a><\/p>\n\n\n\n<hr class=\"wp-block-separator has-css-opacity\"\/>\n\n\n\n<p><strong>Oopsy-Daisy<\/strong><br>Minna \u00c5senbrygg, Varkaus |&nbsp;044 350 8035&nbsp;<br><a href=\"mailto: wheelsdogs@gmail.com\" data-type=\"mailto\" data-id=\"mailto: wheelsdogs@gmail.com\">S\u00e4hk\u00f6posti<\/a><\/p>\n\n\n\n<hr class=\"wp-block-separator has-css-opacity\"\/>\n\n\n\n<p><strong>Teekexsin<\/strong> <br>Lisa-Elena Arjosaari, Loviisa | 0400-979740 <br><a href=\"mailto:lisaarjo@outlook.com\">S\u00e4hk\u00f6posti<\/a> | <a href=\"https:\/\/www.teekexsin.fi\" target=\"_blank\" rel=\"noreferrer noopener\">Kotisivut<\/a><\/p>\n\n\n\n<hr class=\"wp-block-separator has-css-opacity\"\/>\n\n\n\n<p><strong>WildWilderness <\/strong><br>Mia Berggr\u00e9n, Tampere | 0400-799 707 <br><a href=\"mailto:mia.berggren@kiinteistomaailma.fi\">S\u00e4hk\u00f6posti&nbsp;<\/a><\/p>\n\n\n\n<p><\/p>\n<\/div>\n\n\n\n<div class=\"wp-block-column is-layout-flow wp-block-column-is-layout-flow\">\n<p id=\"block-6c79d880-8c13-4e33-b286-0b513938f3ee\"><strong>Berry\u2019s<\/strong> <br>Marja V\u00e4rri, Kouvola (Kuusankoski) <br><a href=\"mailto:berrys.cattery@gmail.com\">S\u00e4hk\u00f6posti&nbsp;<\/a><a href=\"https:\/\/web.archive.org\/web\/20190128090201\/mailto:berrys.cattery@gmail.com\">|&nbsp;<\/a><a href=\"https:\/\/www.facebook.com\/devonrexfinland\">Kotisivut<\/a><\/p>\n\n\n\n<hr class=\"wp-block-separator has-css-opacity\"\/>\n\n\n\n<p id=\"block-ddf22e49-738f-4ec1-8118-37f1e5de569d\"><strong>CatCave\u2019s<br><\/strong>Johanna Widenius, Helsinki | 050-4026535<br><a href=\"mailto:johanna.widenius@gmail.com\">S\u00e4hk\u00f6posti<\/a> |&nbsp;<a rel=\"noreferrer noopener\" href=\"https:\/\/www.facebook.com\/CatCaves\" target=\"_blank\">Kotisivut<\/a><\/p>\n\n\n\n<hr class=\"wp-block-separator has-css-opacity\"\/>\n\n\n\n<p id=\"block-764c7cdb-a855-4e3b-93b2-20e1677a4e68\"><strong>Fairy-Story\u2019s<br><\/strong>Taru Lapvetel\u00e4inen, Pirkkala<br><a href=\"mailto:fairydevon@gmail.com\">S\u00e4hk\u00f6posti&nbsp;<\/a>|&nbsp;<a rel=\"noreferrer noopener\" href=\"http:\/\/www.fairycats.webs.com\/\" target=\"_blank\">Kotisivut<\/a><\/p>\n\n\n\n<hr class=\"wp-block-separator has-css-opacity\"\/>\n\n\n\n<p id=\"block-ab1c7a6c-17bf-42e5-b972-1ac9ba288745\"><strong>Kattim\u00e4en<br><\/strong>Anne-Mari Palm, Askola \/ Helsinki |&nbsp;044-9865215<br><a href=\"mailto:kattimaenkissala@gmail.com\">S\u00e4hk\u00f6posti<\/a>&nbsp;|&nbsp;<a rel=\"noreferrer noopener\" href=\"https:\/\/kissalafinkattimaen.wordpress.com\/\" target=\"_blank\">Kotisivut<\/a><\/p>\n\n\n\n<hr class=\"wp-block-separator has-css-opacity\"\/>\n\n\n\n<p id=\"block-274f2e21-76a6-4452-9809-192102632985\"><strong>Quiero<br><\/strong>Eva Wallinvirta, Inkoo&nbsp;|&nbsp;044-5912402<br><a href=\"mailto:eva.wallinvirta@gmail.com\">S\u00e4hk\u00f6posti<\/a>&nbsp;|&nbsp;<a rel=\"noreferrer noopener\" href=\"http:\/\/www.finquiero.net\/\" target=\"_blank\">Kotisivut<\/a> | <a rel=\"noreferrer noopener\" href=\"https:\/\/www.facebook.com\/finquiero\" target=\"_blank\">Facebook<\/a> | <a href=\"https:\/\/www.instagram.com\/quierodevonrex\/\" data-type=\"URL\" data-id=\"https:\/\/www.instagram.com\/quierodevonrex\/\" target=\"_blank\" rel=\"noreferrer noopener\">Instagram<\/a><\/p>\n\n\n\n<hr class=\"wp-block-separator has-css-opacity\"\/>\n\n\n\n<p id=\"block-6496cf1e-2367-43a0-b1bc-22574a7aa3db\"><strong>Tomorrowland<br><\/strong>Nana Parjanen, Turku | 045-6910461<br><a href=\"mailto:nana@tomorrowland.fi\">S\u00e4hk\u00f6posti<\/a>&nbsp;|&nbsp;<a rel=\"noreferrer noopener\" href=\"http:\/\/www.tomorrowland.fi\/\" target=\"_blank\">Kotisivut<\/a><\/p>\n\n\n\n<hr class=\"wp-block-separator has-css-opacity\"\/>\n\n\n\n<p id=\"block-a1c50be6-44f6-4716-b759-3870fb3ad1c7\"><strong>\u00c5bodas <\/strong><br>Ann-Marie Leander, Sipoo&nbsp;|&nbsp;050-5852767 <br><a href=\"mailto:abodas@elisanet.fi\">S\u00e4hk\u00f6posti<\/a>&nbsp;|&nbsp;<a href=\"http:\/\/www.elisanet.fi\/abodas\/\" target=\"_blank\" rel=\"noreferrer noopener\">Kotisivut<\/a><\/p>\n<\/div>\n<\/div>\n","protected":false},"excerpt":{"rendered":"<p>Listaa p\u00e4ivitetty 10\/2024P\u00e4ivitykset ja muutospyynn\u00f6t hoitaa&nbsp;Eva Wallinvirta&nbsp;tai&nbsp;Marja V\u00e4rri. Avariel Reine Austin, Loppi&nbsp;|&nbsp;050-4613202 S\u00e4hk\u00f6posti&nbsp;|&nbsp;Kotisivut Bravefellow Pia Bj\u00f6rn, Hollola&nbsp;|&nbsp;044-0492270 S\u00e4hk\u00f6posti&nbsp;|&nbsp;Kotisivut Clavinova Kyllikki Set\u00e4l\u00e4, Porvoo\/Hinthaara | 0509251359S\u00e4hk\u00f6posti&nbsp;|&nbsp;Kotisivut Gustavian Heidi Laakso-Kuivalainen, Siuntio S\u00e4hk\u00f6posti&nbsp;|&nbsp;Kotisivut Mirexin Kati Koivisto, Vantaa&nbsp;|&nbsp;050-3401103 S\u00e4hk\u00f6posti&nbsp;|&nbsp;Kotisivut Oopsy-DaisyMinna \u00c5senbrygg, Varkaus |&nbsp;044 350 8035&nbsp;S\u00e4hk\u00f6posti Teekexsin Lisa-Elena Arjosaari, Loviisa | 0400-979740 S\u00e4hk\u00f6posti | Kotisivut WildWilderness Mia Berggr\u00e9n, Tampere | 0400-799 707 S\u00e4hk\u00f6posti&nbsp; Berry\u2019s Marja V\u00e4rri, Kouvola (Kuusankoski) S\u00e4hk\u00f6posti&nbsp;|&nbsp;Kotisivut CatCave\u2019sJohanna Widenius, Helsinki | 050-4026535S\u00e4hk\u00f6posti |&nbsp;Kotisivut Fairy-Story\u2019sTaru Lapvetel\u00e4inen, PirkkalaS\u00e4hk\u00f6posti&nbsp;|&nbsp;Kotisivut Kattim\u00e4enAnne-Mari Palm, Askola \/ Helsinki |&nbsp;044-9865215S\u00e4hk\u00f6posti&nbsp;|&nbsp;Kotisivut QuieroEva Wallinvirta, Inkoo&nbsp;|&nbsp;044-5912402S\u00e4hk\u00f6posti&nbsp;|&nbsp;Kotisivut | Facebook | Instagram TomorrowlandNana Parjanen, Turku | 045-6910461S\u00e4hk\u00f6posti&nbsp;|&nbsp;Kotisivut \u00c5bodas Ann-Marie Leander, Sipoo&nbsp;|&nbsp;050-5852767 S\u00e4hk\u00f6posti&nbsp;|&nbsp;Kotisivut<\/p>\n","protected":false},"author":2,"featured_media":0,"parent":0,"menu_order":0,"comment_status":"closed","ping_status":"closed","template":"","meta":{"footnotes":""},"class_list":["post-23","page","type-page","status-publish","hentry"],"_links":{"self":[{"href":"https:\/\/devonrex.fi\/index.php?rest_route=\/wp\/v2\/pages\/23","targetHints":{"allow":["GET"]}}],"collection":[{"href":"https:\/\/devonrex.fi\/index.php?rest_route=\/wp\/v2\/pages"}],"about":[{"href":"https:\/\/devonrex.fi\/index.php?rest_route=\/wp\/v2\/types\/page"}],"author":[{"embeddable":true,"href":"https:\/\/devonrex.fi\/index.php?rest_route=\/wp\/v2\/users\/2"}],"replies":[{"embeddable":true,"href":"https:\/\/devonrex.fi\/index.php?rest_route=%2Fwp%2Fv2%2Fcomments&post=23"}],"version-history":[{"count":8,"href":"https:\/\/devonrex.fi\/index.php?rest_route=\/wp\/v2\/pages\/23\/revisions"}],"predecessor-version":[{"id":359,"href":"https:\/\/devonrex.fi\/index.php?rest_route=\/wp\/v2\/pages\/23\/revisions\/359"}],"wp:attachment":[{"href":"https:\/\/devonrex.fi\/index.php?rest_route=%2Fwp%2Fv2%2Fmedia&parent=23"}],"curies":[{"name":"wp","href":"https:\/\/api.w.org\/{rel}","templated":true}]}}