{"id":21,"date":"2021-04-04T15:37:10","date_gmt":"2021-04-04T15:37:10","guid":{"rendered":"https:\/\/devonrex.fi\/wordpress\/?page_id=21"},"modified":"2021-04-04T15:37:10","modified_gmt":"2021-04-04T15:37:10","slug":"variryhmat","status":"publish","type":"page","link":"https:\/\/devonrex.fi\/?page_id=21","title":{"rendered":"V\u00e4riryhm\u00e4t"},"content":{"rendered":"\n<p>Devon rex -rodussa kaikki v\u00e4rit ovat sallittuja ja n\u00e4in ollen v\u00e4riyhdistelmi\u00e4 on reilusti yli 2000, joten valinnanvaraa on my\u00f6s vaativalle. Alla n\u00e4et EMS-koodit eri v\u00e4reille, eli ns. \u201cavain\u201d, kun kasvattaja ilmoittaa kissansa v\u00e4rit EMS-koodilla (EasyMindSystem).<\/p>\n\n\n\n<p>Devon rexit arvostellaan v\u00e4riryhmitt\u00e4in niin, ett\u00e4 jokaista luokkaa ja v\u00e4riryhm\u00e4\u00e4 kohden voi my\u00f6nt\u00e4\u00e4 vain yhden sertin. V\u00e4riryhmi\u00e4 on 9kpl ja ne on lueteltuina alla.<\/p>\n\n\n\n<p>n = Musta<br>a = Sininen<br>b = Suklaa<br>c = Lila<br>o = Kaneli<br>p = Beige<br>w = Valkoinen<\/p>\n\n\n\n<p>s \/ y = Savu \/ Hopea (sama asia mutta erin\u00e4k\u00f6inen ilmiasu riippuen kissan v\u00e4rist\u00e4)<\/p>\n\n\n\n<p>01 = Van<br>02 = Harlekiini<br>03 = Kaksiv\u00e4rinen<br>09 = Valkoista m\u00e4\u00e4rittelem\u00e4t\u00f6n m\u00e4\u00e4r\u00e4<\/p>\n\n\n\n<p>11 = Silver shaded<br>12 = Silver shell<br>21 = Agouti<br>22 = Klassinen tabby<br>23 = Tiikeri<br>24 = T\u00e4plik\u00e4s<br>25 = Ticked tabby<\/p>\n\n\n\n<p>31 = Burmanaamio<br>32 = Tonkineesinaamio<br>33 = Himalajanaamio<\/p>\n\n\n\n<p><\/p>\n\n\n\n<blockquote class=\"wp-block-quote is-layout-flow wp-block-quote-is-layout-flow\"><p><a rel=\"noreferrer noopener\" href=\"http:\/\/catza.net\/fi\/browse\/breed\/DRX\/\" target=\"_blank\">Katso Heikki Siltalan kuvia eriv\u00e4risist\u00e4 devoneista<\/a>.<\/p><\/blockquote>\n\n\n\n<p><\/p>\n\n\n\n<h4 class=\"wp-block-heading\">V\u00e4riryhm\u00e4t EMS-koodeittain<\/h4>\n\n\n\n<h5 class=\"wp-block-heading\">V\u00e4riryhm\u00e4 I<\/h5>\n\n\n\n<figure class=\"wp-block-table is-style-regular\"><table><tbody><tr><td>Musta\/Sininen\/Suklaa\/Lila\/Kaneli\/Beige<\/td><td>DRX n\/a\/b\/c\/o\/p<\/td><\/tr><tr><td>Musta\/Sininen\/Suklaa\/Lila\/Kaneli\/Beige savu<\/td><td>DRX n\/a\/b\/c\/o\/p s<\/td><\/tr><\/tbody><\/table><\/figure>\n\n\n\n<p><\/p>\n\n\n\n<h5 class=\"wp-block-heading\">V\u00e4riryhm\u00e4 II<\/h5>\n\n\n\n<figure class=\"wp-block-table\"><table><tbody><tr><td>Ryhm\u00e4 I v\u00e4rit + valkoisella<\/td><td>DRX n\/a\/b\/c\/o\/p 01\/02\/03\/09<\/td><\/tr><tr><td>Ryhm\u00e4 I v\u00e4rit + savu valkoisella<\/td><td>DRX n\/a\/b\/c\/o\/p s 01\/02\/03\/09<\/td><\/tr><\/tbody><\/table><\/figure>\n\n\n\n<p><\/p>\n\n\n\n<h5 class=\"wp-block-heading\">V\u00e4riryhm\u00e4 III<\/h5>\n\n\n\n<figure class=\"wp-block-table\"><table><tbody><tr><td>Punainen\/Creme\/Kilpikonna yksiv\u00e4rinen\/agouti<\/td><td>DRX d\/e\/f\/g\/h\/j\/q\/r 22\/23\/24\/25<\/td><\/tr><tr><td>Punainen\/Creme\/Kilpikonna savu\/hopea yksiv\u00e4rinen\/agouti<\/td><td>DRX d\/e\/f\/g\/h\/j\/q\/r s 11\/12\/22\/23\/24\/25<\/td><\/tr><tr><td>Punainen\/Creme\/Kilpikonna golden yksiv\u00e4rinen\/agouti<\/td><td>DRX d\/e\/f\/g\/h\/j\/q\/r y 11\/12\/22\/23\/24\/25<\/td><\/tr><\/tbody><\/table><\/figure>\n\n\n\n<p><\/p>\n\n\n\n<h5 class=\"wp-block-heading\">V\u00e4riryhm\u00e4 IV<\/h5>\n\n\n\n<figure class=\"wp-block-table\"><table><tbody><tr><td>Ryhm\u00e4 III v\u00e4rit + yksiv\u00e4rinen\/agouti valkoisella<\/td><td>DRX d\/e\/f\/g\/h\/j\/q\/r 01\/02\/03\/09 22\/23\/24\/25<\/td><\/tr><tr><td>Ryhm\u00e4 III v\u00e4rit + savu\/hopea valkoisella<\/td><td>DRX d\/e\/f\/g\/h\/j\/q\/r s 01\/02\/03\/09 11\/12\/21\/22\/23\/24\/25<\/td><\/tr><tr><td>Ryhm\u00e4 III v\u00e4rit + golden valkoisella<\/td><td>DRX d\/e\/f\/g\/h\/j\/q\/r y 01\/02\/03\/09 11\/12\/22\/23\/24\/25<\/td><\/tr><\/tbody><\/table><\/figure>\n\n\n\n<p><\/p>\n\n\n\n<h5 class=\"wp-block-heading\">V\u00e4riryhm\u00e4 V<\/h5>\n\n\n\n<figure class=\"wp-block-table\"><table><tbody><tr><td>Ryhm\u00e4 I v\u00e4rit + agouti<\/td><td>DRX n\/a\/b\/c\/o\/p 22\/23\/24\/25<\/td><\/tr><tr><td>Ryhm\u00e4 I v\u00e4rit + hopea<\/td><td>DRX n\/a\/b\/c\/ o\/p s 11\/12\/22\/23\/24\/25<\/td><\/tr><tr><td>Ryhm\u00e4 I v\u00e4rit + golden<\/td><td>DRX n\/a\/b\/c\/o\/p y 11\/12\/22\/23\/24\/25<\/td><\/tr><\/tbody><\/table><\/figure>\n\n\n\n<p><\/p>\n\n\n\n<h5 class=\"wp-block-heading\">V\u00e4riryhm\u00e4 VI<\/h5>\n\n\n\n<figure class=\"wp-block-table\"><table><tbody><tr><td>Ryhm\u00e4 I v\u00e4rit + agouti valkoisella<\/td><td>DRX n\/a\/b\/c\/o\/p 01\/02\/03\/09 22\/23\/24\/25<\/td><\/tr><tr><td>Ryhm\u00e4 I v\u00e4rit + hopea valkoisella<\/td><td>DRX n\/a\/b\/c\/ o\/p s 01\/02\/03\/09 11\/12\/22\/23\/24\/25<\/td><\/tr><tr><td>Ryhm\u00e4 I v\u00e4rit + golden valkoisella<\/td><td>DRX n\/a\/b\/c\/o\/p y 01\/02\/03\/09 11\/12\/22\/23\/24\/25<\/td><\/tr><\/tbody><\/table><\/figure>\n\n\n\n<p><\/p>\n\n\n\n<h5 class=\"wp-block-heading\">V\u00e4riryhm\u00e4 VII<\/h5>\n\n\n\n<figure class=\"wp-block-table\"><table><tbody><tr><td>Yksiv\u00e4riset naamiot<\/td><td>DRX n\/a\/b\/c\/d\/e\/f\/g\/h\/j\/o\/p\/r\/q 31\/32\/33<\/td><\/tr><tr><td>Agoutinaamiot<\/td><td>DRX n\/a\/b\/c\/d\/e\/f\/g\/h\/j\/o\/p\/r\/q 21 31\/32\/33<\/td><\/tr><tr><td>Hopeanaamiot<\/td><td>DRX n\/a\/b\/c\/d\/e\/f\/g\/h\/j\/o\/p\/r\/q s 31\/32\/33<\/td><\/tr><tr><td>Hopea-agouti naamiot<\/td><td>DRX n\/a\/b\/c\/d\/e\/f\/g\/h\/j\/o\/p\/r\/q s 21 31\/32\/33<\/td><\/tr><tr><td>Golden-agouti naamiot<\/td><td>DRX n\/a\/b\/c\/d\/e\/f\/g\/h\/j\/o\/p\/r\/q y 21 31\/32\/33<\/td><\/tr><\/tbody><\/table><\/figure>\n\n\n\n<p><\/p>\n\n\n\n<h5 class=\"wp-block-heading\">V\u00e4riryhm\u00e4 VIII<\/h5>\n\n\n\n<figure class=\"wp-block-table\"><table><tbody><tr><td>Yksiv\u00e4riset naamiot valkoisella<\/td><td>DRX n\/a\/b\/c\/d\/e\/f\/g\/h\/j\/o\/p\/r\/q 01\/02\/03\/09 31\/32\/33<\/td><\/tr><tr><td>Agoutinaamiot valkoisella<\/td><td>DRX n\/a\/b\/c\/d\/e\/f\/g\/h\/j\/o\/p\/r\/q 01\/02\/03\/09 21 31\/32\/33<\/td><\/tr><tr><td>Hopeanaamiot valkoisella<\/td><td>DRX n\/a\/b\/c\/d\/e\/f\/g\/h\/j\/o\/p\/r\/q s 01\/02\/03\/09 31\/32\/33<\/td><\/tr><tr><td>Hopea-agouti naamiot valkoisella<\/td><td>DRX n\/a\/b\/c\/d\/e\/f\/g\/h\/j\/o\/p\/r\/q s 01\/02\/03\/09 21 31\/32\/33<\/td><\/tr><tr><td>Golden-agouti naamiot valkoisella<\/td><td>DRX n\/a\/b\/c\/d\/e\/f\/g\/h\/j\/o\/p\/r\/q y 01\/02\/03\/09 21 31\/32\/33<\/td><\/tr><\/tbody><\/table><\/figure>\n\n\n\n<p><\/p>\n\n\n\n<h5 class=\"wp-block-heading\">V\u00e4riryhm\u00e4 IX<\/h5>\n\n\n\n<figure class=\"wp-block-table\"><table><tbody><tr><td>Valkoinen<\/td><td>DRX w<\/td><\/tr><\/tbody><\/table><\/figure>\n","protected":false},"excerpt":{"rendered":"<p>Devon rex -rodussa kaikki v\u00e4rit ovat sallittuja ja n\u00e4in ollen v\u00e4riyhdistelmi\u00e4 on reilusti yli 2000, joten valinnanvaraa on my\u00f6s vaativalle. Alla n\u00e4et EMS-koodit eri v\u00e4reille, eli ns. \u201cavain\u201d, kun kasvattaja ilmoittaa kissansa v\u00e4rit EMS-koodilla (EasyMindSystem). Devon rexit arvostellaan v\u00e4riryhmitt\u00e4in niin, ett\u00e4 jokaista luokkaa ja v\u00e4riryhm\u00e4\u00e4 kohden voi my\u00f6nt\u00e4\u00e4 vain yhden sertin. V\u00e4riryhmi\u00e4 on 9kpl ja ne on lueteltuina alla. n = Mustaa = Sininenb = Suklaac = Lilao = Kanelip = Beigew = Valkoinen s \/ y = Savu \/ Hopea (sama asia mutta erin\u00e4k\u00f6inen ilmiasu riippuen kissan v\u00e4rist\u00e4) 01 = Van02 = Harlekiini03 = Kaksiv\u00e4rinen09 = Valkoista m\u00e4\u00e4rittelem\u00e4t\u00f6n m\u00e4\u00e4r\u00e4 11 = Silver shaded12 = Silver shell21 = Agouti22 = Klassinen tabby23 = Tiikeri24 = T\u00e4plik\u00e4s25 = Ticked tabby 31 = Burmanaamio32 = Tonkineesinaamio33 = Himalajanaamio Katso Heikki Siltalan kuvia eriv\u00e4risist\u00e4 devoneista. V\u00e4riryhm\u00e4t EMS-koodeittain V\u00e4riryhm\u00e4 I Musta\/Sininen\/Suklaa\/Lila\/Kaneli\/Beige DRX n\/a\/b\/c\/o\/p Musta\/Sininen\/Suklaa\/Lila\/Kaneli\/Beige savu DRX n\/a\/b\/c\/o\/p s V\u00e4riryhm\u00e4 II Ryhm\u00e4 I v\u00e4rit + valkoisella DRX n\/a\/b\/c\/o\/p 01\/02\/03\/09 Ryhm\u00e4 I v\u00e4rit + savu valkoisella DRX n\/a\/b\/c\/o\/p s 01\/02\/03\/09 V\u00e4riryhm\u00e4 III Punainen\/Creme\/Kilpikonna yksiv\u00e4rinen\/agouti DRX d\/e\/f\/g\/h\/j\/q\/r 22\/23\/24\/25 Punainen\/Creme\/Kilpikonna savu\/hopea yksiv\u00e4rinen\/agouti DRX d\/e\/f\/g\/h\/j\/q\/r s 11\/12\/22\/23\/24\/25 Punainen\/Creme\/Kilpikonna golden yksiv\u00e4rinen\/agouti DRX d\/e\/f\/g\/h\/j\/q\/r y 11\/12\/22\/23\/24\/25 V\u00e4riryhm\u00e4 IV Ryhm\u00e4 III v\u00e4rit + yksiv\u00e4rinen\/agouti valkoisella DRX d\/e\/f\/g\/h\/j\/q\/r 01\/02\/03\/09 22\/23\/24\/25 Ryhm\u00e4 III v\u00e4rit + savu\/hopea valkoisella DRX d\/e\/f\/g\/h\/j\/q\/r s 01\/02\/03\/09 11\/12\/21\/22\/23\/24\/25 Ryhm\u00e4 III v\u00e4rit + golden valkoisella DRX d\/e\/f\/g\/h\/j\/q\/r y 01\/02\/03\/09 11\/12\/22\/23\/24\/25 V\u00e4riryhm\u00e4 V Ryhm\u00e4 I v\u00e4rit + agouti DRX n\/a\/b\/c\/o\/p 22\/23\/24\/25 Ryhm\u00e4 I v\u00e4rit + hopea DRX n\/a\/b\/c\/ o\/p s 11\/12\/22\/23\/24\/25 Ryhm\u00e4 I v\u00e4rit + golden DRX n\/a\/b\/c\/o\/p y 11\/12\/22\/23\/24\/25 V\u00e4riryhm\u00e4 VI Ryhm\u00e4 I v\u00e4rit + agouti valkoisella DRX n\/a\/b\/c\/o\/p 01\/02\/03\/09 22\/23\/24\/25 Ryhm\u00e4 I v\u00e4rit + hopea valkoisella DRX n\/a\/b\/c\/ o\/p s 01\/02\/03\/09 11\/12\/22\/23\/24\/25 Ryhm\u00e4 I v\u00e4rit + golden valkoisella DRX n\/a\/b\/c\/o\/p y 01\/02\/03\/09 11\/12\/22\/23\/24\/25 V\u00e4riryhm\u00e4 VII Yksiv\u00e4riset naamiot DRX n\/a\/b\/c\/d\/e\/f\/g\/h\/j\/o\/p\/r\/q 31\/32\/33 Agoutinaamiot DRX n\/a\/b\/c\/d\/e\/f\/g\/h\/j\/o\/p\/r\/q 21 31\/32\/33 Hopeanaamiot DRX n\/a\/b\/c\/d\/e\/f\/g\/h\/j\/o\/p\/r\/q s 31\/32\/33 Hopea-agouti naamiot DRX n\/a\/b\/c\/d\/e\/f\/g\/h\/j\/o\/p\/r\/q s 21 31\/32\/33 Golden-agouti naamiot DRX n\/a\/b\/c\/d\/e\/f\/g\/h\/j\/o\/p\/r\/q y 21 31\/32\/33 V\u00e4riryhm\u00e4 VIII Yksiv\u00e4riset naamiot valkoisella DRX n\/a\/b\/c\/d\/e\/f\/g\/h\/j\/o\/p\/r\/q 01\/02\/03\/09 31\/32\/33 Agoutinaamiot valkoisella DRX n\/a\/b\/c\/d\/e\/f\/g\/h\/j\/o\/p\/r\/q 01\/02\/03\/09 21 31\/32\/33 Hopeanaamiot valkoisella DRX n\/a\/b\/c\/d\/e\/f\/g\/h\/j\/o\/p\/r\/q s 01\/02\/03\/09 31\/32\/33 Hopea-agouti naamiot valkoisella DRX n\/a\/b\/c\/d\/e\/f\/g\/h\/j\/o\/p\/r\/q s 01\/02\/03\/09 21 31\/32\/33 Golden-agouti naamiot valkoisella DRX n\/a\/b\/c\/d\/e\/f\/g\/h\/j\/o\/p\/r\/q y 01\/02\/03\/09 21 31\/32\/33 V\u00e4riryhm\u00e4 IX Valkoinen DRX w<\/p>\n","protected":false},"author":2,"featured_media":0,"parent":0,"menu_order":0,"comment_status":"closed","ping_status":"closed","template":"","meta":{"footnotes":""},"class_list":["post-21","page","type-page","status-publish","hentry"],"_links":{"self":[{"href":"https:\/\/devonrex.fi\/index.php?rest_route=\/wp\/v2\/pages\/21","targetHints":{"allow":["GET"]}}],"collection":[{"href":"https:\/\/devonrex.fi\/index.php?rest_route=\/wp\/v2\/pages"}],"about":[{"href":"https:\/\/devonrex.fi\/index.php?rest_route=\/wp\/v2\/types\/page"}],"author":[{"embeddable":true,"href":"https:\/\/devonrex.fi\/index.php?rest_route=\/wp\/v2\/users\/2"}],"replies":[{"embeddable":true,"href":"https:\/\/devonrex.fi\/index.php?rest_route=%2Fwp%2Fv2%2Fcomments&post=21"}],"version-history":[{"count":0,"href":"https:\/\/devonrex.fi\/index.php?rest_route=\/wp\/v2\/pages\/21\/revisions"}],"wp:attachment":[{"href":"https:\/\/devonrex.fi\/index.php?rest_route=%2Fwp%2Fv2%2Fmedia&parent=21"}],"curies":[{"name":"wp","href":"https:\/\/api.w.org\/{rel}","templated":true}]}}