{"id":19,"date":"2021-04-04T15:36:58","date_gmt":"2021-04-04T15:36:58","guid":{"rendered":"https:\/\/devonrex.fi\/wordpress\/?page_id=19"},"modified":"2021-04-04T15:36:58","modified_gmt":"2021-04-04T15:36:58","slug":"historia","status":"publish","type":"page","link":"https:\/\/devonrex.fi\/?page_id=19","title":{"rendered":"Historia"},"content":{"rendered":"\n<p>Vuonna 1960 l\u00f6ydettiin uusi karvan geenimutaatio kissoissa. Jo kymmenen vuotta aikaisemmin ensimm\u00e4iset kiharakarvaiset kissat olivat syntyneet Cornwallissa, Englannissa. N\u00e4iden kiharaisten j\u00e4lkel\u00e4isill\u00e4 kasvatettiin ja niit\u00e4 esiteltiin kissan\u00e4yttelyiss\u00e4 ymp\u00e4ri Lontoota. Neiti Beryl Cox sattui n\u00e4kem\u00e4\u00e4n valokuvan n\u00e4ist\u00e4 hassuista kiharakarvaisista kissoista ja muisteli n\u00e4hneens\u00e4 suuren kollin samann\u00e4k\u00f6isell\u00e4 turkilla py\u00f6riv\u00e4n hyl\u00e4tyn kaivoksen luona Buckfastleighssa, Devonissa.<\/p>\n\n\n\n<div class=\"wp-block-columns is-layout-flex wp-container-core-columns-is-layout-9d6595d7 wp-block-columns-is-layout-flex\">\n<div class=\"wp-block-column is-layout-flow wp-block-column-is-layout-flow\" style=\"flex-basis:33.33%\">\n<figure class=\"wp-block-image size-large\"><img decoding=\"async\" src=\"https:\/\/devonrex.fi\/wp-content\/uploads\/2021\/04\/1d16abcc5031ccc524b1396207cf56f7.jpg\" alt=\"\" class=\"wp-image-180\"\/><figcaption>Kirlee, devon rex rodun kanta-is\u00e4<\/figcaption><\/figure>\n<\/div>\n\n\n\n<div class=\"wp-block-column is-layout-flow wp-block-column-is-layout-flow\" style=\"flex-basis:66.66%\">\n<p>Samoihin aikoihin neiti Cox pelasti kilpikonna-valkoisen kantavana olevan naaraan. Naaras synnyttyi neiti Coxin luona, ja h\u00e4n luovutti pois kaikki pennut paitsi yhden kiharakarvaisen uroksen jonka h\u00e4n nimesi Kirleeksi.<\/p>\n\n\n\n<p>Koska neiti Cox oli jo aiemmin n\u00e4hnyt kuvia kiharakarvaisista Cornish Rexeist\u00e4, p\u00e4\u00e4tti h\u00e4n soittaa herra Stirling-Webbille joka kasvatti cornish rexej\u00e4. He olettivat ett\u00e4 Kirlee olisi sukua t\u00e4lle rodulle ja neiti Cox antoi luvan k\u00e4ytt\u00e4\u00e4 Kirleet\u00e4 cornish rexien jalostusohjelmassa. Kirlee sai useamman pentueen eri naaraiden kanssa, mutta suureksi pettymykseksi kaikki pennut olivat suorakarvaisia. Sisarparitusten j\u00e4lkeen syntyi muutamia kiharakarvaisia pentuja, mutta silloin oli mahdotonta sanoa oliko rex-geeni l\u00e4ht\u00f6isin naaraista vai Kirleest\u00e4. Voitiin kuitenkin todeta ett\u00e4 cornish rex ja kirlee (my\u00f6h. devon) kantoivat eri rex-geeni\u00e4. Kun eroavaisuus n\u00e4iden kahden v\u00e4lill\u00e4 huomattiin annettiin suositus, ett\u00e4 n\u00e4it\u00e4 kahta ei en\u00e4\u00e4n yritett\u00e4isi risteytt\u00e4\u00e4. Viel\u00e4 t\u00e4n\u00e4p\u00e4iv\u00e4n\u00e4kin puhutaan rex-geeni 1:st\u00e4 (cornish rex) ja rex-geeni 2:sta (devon rex).<\/p>\n\n\n\n<p>Kirlee astui t\u00e4m\u00e4n j\u00e4lkeen usean brittil\u00e4isen ja sen suoraturkkiset tytt\u00e4ret astutettiin uudestaan is\u00e4ll\u00e4\u00e4n. N\u00e4iss\u00e4 pentueissa oli jo puolet kiharakarvaisia ja niist\u00e4 tuli devon rexin kantaemot ja is\u00e4t. <\/p>\n<\/div>\n<\/div>\n\n\n\n<p>Samalla kun ensimm\u00e4isi\u00e4 \u201cdevoneita\u201d jalostettiin, huomattiin my\u00f6s niiden eroavaisuus cornish rexiin ja n\u00e4in devoneille kirjoitettiin oma rotum\u00e4\u00e4ritelm\u00e4.. Viel\u00e4 t\u00e4n\u00e4kin p\u00e4iv\u00e4n\u00e4 rodun devonmainen olemus on saatu hyvin s\u00e4ilytetty\u00e4 ja kuvat nykyisist\u00e4 devon rexeist\u00e4 muistuttavat eritt\u00e4in paljon niiden kanta-is\u00e4\u00e4, Kirleeta.<\/p>\n\n\n\n<figure class=\"wp-block-pullquote\"><blockquote><p>Kaikki t\u00e4m\u00e4np\u00e4iv\u00e4n devon rexit voidaan edelleen j\u00e4ljitt\u00e4\u00e4 suoraan Kirleehen.<\/p><\/blockquote><\/figure>\n","protected":false},"excerpt":{"rendered":"<p>Vuonna 1960 l\u00f6ydettiin uusi karvan geenimutaatio kissoissa. Jo kymmenen vuotta aikaisemmin ensimm\u00e4iset kiharakarvaiset kissat olivat syntyneet Cornwallissa, Englannissa. N\u00e4iden kiharaisten j\u00e4lkel\u00e4isill\u00e4 kasvatettiin ja niit\u00e4 esiteltiin kissan\u00e4yttelyiss\u00e4 ymp\u00e4ri Lontoota. Neiti Beryl Cox sattui n\u00e4kem\u00e4\u00e4n valokuvan n\u00e4ist\u00e4 hassuista kiharakarvaisista kissoista ja muisteli n\u00e4hneens\u00e4 suuren kollin samann\u00e4k\u00f6isell\u00e4 turkilla py\u00f6riv\u00e4n hyl\u00e4tyn kaivoksen luona Buckfastleighssa, Devonissa. Samoihin aikoihin neiti Cox pelasti kilpikonna-valkoisen kantavana olevan naaraan. Naaras synnyttyi neiti Coxin luona, ja h\u00e4n luovutti pois kaikki pennut paitsi yhden kiharakarvaisen uroksen jonka h\u00e4n nimesi Kirleeksi. Koska neiti Cox oli jo aiemmin n\u00e4hnyt kuvia kiharakarvaisista Cornish Rexeist\u00e4, p\u00e4\u00e4tti h\u00e4n soittaa herra Stirling-Webbille joka kasvatti cornish rexej\u00e4. He olettivat ett\u00e4 Kirlee olisi sukua t\u00e4lle rodulle ja neiti Cox antoi luvan k\u00e4ytt\u00e4\u00e4 Kirleet\u00e4 cornish rexien jalostusohjelmassa. Kirlee sai useamman pentueen eri naaraiden kanssa, mutta suureksi pettymykseksi kaikki pennut olivat suorakarvaisia. Sisarparitusten j\u00e4lkeen syntyi muutamia kiharakarvaisia pentuja, mutta silloin oli mahdotonta sanoa oliko rex-geeni l\u00e4ht\u00f6isin naaraista vai Kirleest\u00e4. Voitiin kuitenkin todeta ett\u00e4 cornish rex ja kirlee (my\u00f6h. devon) kantoivat eri rex-geeni\u00e4. Kun eroavaisuus n\u00e4iden kahden v\u00e4lill\u00e4 huomattiin annettiin suositus, ett\u00e4 n\u00e4it\u00e4 kahta ei en\u00e4\u00e4n yritett\u00e4isi risteytt\u00e4\u00e4. Viel\u00e4 t\u00e4n\u00e4p\u00e4iv\u00e4n\u00e4kin puhutaan rex-geeni 1:st\u00e4 (cornish rex) ja rex-geeni 2:sta (devon rex). Kirlee astui t\u00e4m\u00e4n j\u00e4lkeen usean brittil\u00e4isen ja sen suoraturkkiset tytt\u00e4ret astutettiin uudestaan is\u00e4ll\u00e4\u00e4n. N\u00e4iss\u00e4 pentueissa oli jo puolet kiharakarvaisia ja niist\u00e4 tuli devon rexin kantaemot ja is\u00e4t. Samalla kun ensimm\u00e4isi\u00e4 \u201cdevoneita\u201d jalostettiin, huomattiin my\u00f6s niiden eroavaisuus cornish rexiin ja n\u00e4in devoneille kirjoitettiin oma rotum\u00e4\u00e4ritelm\u00e4.. Viel\u00e4 t\u00e4n\u00e4kin p\u00e4iv\u00e4n\u00e4 rodun devonmainen olemus on saatu hyvin s\u00e4ilytetty\u00e4 ja kuvat nykyisist\u00e4 devon rexeist\u00e4 muistuttavat eritt\u00e4in paljon niiden kanta-is\u00e4\u00e4, Kirleeta. Kaikki t\u00e4m\u00e4np\u00e4iv\u00e4n devon rexit voidaan edelleen j\u00e4ljitt\u00e4\u00e4 suoraan Kirleehen.<\/p>\n","protected":false},"author":2,"featured_media":0,"parent":0,"menu_order":0,"comment_status":"closed","ping_status":"closed","template":"","meta":{"footnotes":""},"class_list":["post-19","page","type-page","status-publish","hentry"],"_links":{"self":[{"href":"https:\/\/devonrex.fi\/index.php?rest_route=\/wp\/v2\/pages\/19","targetHints":{"allow":["GET"]}}],"collection":[{"href":"https:\/\/devonrex.fi\/index.php?rest_route=\/wp\/v2\/pages"}],"about":[{"href":"https:\/\/devonrex.fi\/index.php?rest_route=\/wp\/v2\/types\/page"}],"author":[{"embeddable":true,"href":"https:\/\/devonrex.fi\/index.php?rest_route=\/wp\/v2\/users\/2"}],"replies":[{"embeddable":true,"href":"https:\/\/devonrex.fi\/index.php?rest_route=%2Fwp%2Fv2%2Fcomments&post=19"}],"version-history":[{"count":0,"href":"https:\/\/devonrex.fi\/index.php?rest_route=\/wp\/v2\/pages\/19\/revisions"}],"wp:attachment":[{"href":"https:\/\/devonrex.fi\/index.php?rest_route=%2Fwp%2Fv2%2Fmedia&parent=19"}],"curies":[{"name":"wp","href":"https:\/\/api.w.org\/{rel}","templated":true}]}}