{"id":17,"date":"2021-04-04T15:36:41","date_gmt":"2021-04-04T15:36:41","guid":{"rendered":"https:\/\/devonrex.fi\/wordpress\/?page_id=17"},"modified":"2021-04-04T15:36:41","modified_gmt":"2021-04-04T15:36:41","slug":"rotumaaritelma","status":"publish","type":"page","link":"https:\/\/devonrex.fi\/?page_id=17","title":{"rendered":"Rotum\u00e4\u00e4ritelm\u00e4"},"content":{"rendered":"\n<div class=\"wp-block-columns is-layout-flex wp-container-core-columns-is-layout-9d6595d7 wp-block-columns-is-layout-flex\">\n<div class=\"wp-block-column is-layout-flow wp-block-column-is-layout-flow\" style=\"flex-basis:66.66%\">\n<h5 class=\"wp-block-heading\">Yleist\u00e4<\/h5>\n\n\n\n<p><strong>Koko<\/strong> \u00bb Keskikokoa<\/p>\n\n\n\n<p><\/p>\n\n\n\n<h5 class=\"wp-block-heading\">P\u00e4\u00e4<\/h5>\n\n\n\n<p><strong>Muoto<\/strong>\u00a0\u00bb\u00a0Lyhyt kiila.\u00a0Otsa kaartuu litte\u00e4ksi p\u00e4\u00e4laeksi<br><strong>Otsa<\/strong>\u00a0\u00bb\u00a0Py\u00f6ristynyt<br><strong>Posket<\/strong>\u00a0\u00bb\u00a0Posket ovat t\u00e4ytel\u00e4iset ja poskip\u00e4\u00e4t hallitsevat<br><strong>Nen\u00e4\u00a0<\/strong>\u00bb\u00a0Eritt\u00e4in lyhyt, py\u00f6ristynyt otsa luo vaikutelman painaumasta eli stopista<br><strong>Kuono<\/strong>\u00a0\u00bb\u00a0Lyhyt, leuka voimakas ja viiksityynyt erottuvat selv\u00e4sti poskip\u00e4ist\u00e4<br><strong>Viikset\/Kulmakarvat<\/strong>\u00a0\u00bb\u00a0Viikset ovat keskipitk\u00e4t, kiharat ja karhen tuntuiset<\/p>\n<\/div>\n\n\n\n<div class=\"wp-block-column is-layout-flow wp-block-column-is-layout-flow\" style=\"flex-basis:33.33%\">\n<figure class=\"wp-block-image size-large\"><img decoding=\"async\" src=\"https:\/\/devonrex.fi\/wp-content\/uploads\/2021\/04\/white4.png\" alt=\"\" class=\"wp-image-168\"\/><figcaption>Kuva Anita White<\/figcaption><\/figure>\n<\/div>\n<\/div>\n\n\n\n<h5 class=\"wp-block-heading\">Korvat<\/h5>\n\n\n\n<p><strong>Muoto<\/strong>\u00a0\u00bb\u00a0Korvat ovat eritt\u00e4in suuret, muodoltaan eritt\u00e4in leve\u00e4t tyvest\u00e4 kaventuen py\u00f6ristyneisiin k\u00e4rkiin. Korvia peitt\u00e4\u00e4 hento karva. Korvan takareunassa on karvainen tai karvaton ihopoimu<br><strong>Sijainti<\/strong>\u00a0\u00bb\u00a0Eritt\u00e4in alhaalla<\/p>\n\n\n\n<p><\/p>\n\n\n\n<h5 class=\"wp-block-heading\">Silm\u00e4t<\/h5>\n\n\n\n<p><strong>Muoto<\/strong>\u00a0\u00bb\u00a0Kooltaan suuret ja muodoltaan soikeat, sijaitsevat et\u00e4\u00e4ll\u00e4 toisistaan ja ovat vinoasentoiset suhteessa korviin<br><strong>V\u00e4ritys<\/strong>\u00a0\u00bb\u00a0Kirkas; puhdas ja selke\u00e4 v\u00e4ritys<\/p>\n\n\n\n<p><\/p>\n\n\n\n<h5 class=\"wp-block-heading\">Niska<\/h5>\n\n\n\n<p>Pitk\u00e4 ja hoikka<\/p>\n\n\n\n<p><\/p>\n\n\n\n<h5 class=\"wp-block-heading\">Vartalo<\/h5>\n\n\n\n<div class=\"wp-block-columns is-layout-flex wp-container-core-columns-is-layout-9d6595d7 wp-block-columns-is-layout-flex\">\n<div class=\"wp-block-column is-layout-flow wp-block-column-is-layout-flow\" style=\"flex-basis:33.33%\">\n<figure class=\"wp-block-image size-large is-resized\"><img fetchpriority=\"high\" decoding=\"async\" src=\"https:\/\/devonrex.fi\/wp-content\/uploads\/2021\/04\/white1-e1454951015552.png\" alt=\"\" class=\"wp-image-170\" width=\"297\" height=\"184\"\/><figcaption>Kuva Anita White<\/figcaption><\/figure>\n<\/div>\n\n\n\n<div class=\"wp-block-column is-layout-flow wp-block-column-is-layout-flow\" style=\"flex-basis:66.66%\">\n<p><strong>Rakenne<\/strong>\u00a0\u00a0\u00bb\u00a0Keskipitk\u00e4, kiinte\u00e4 ja lihaksikas, mutta hoikka. Rinta on leve\u00e4<br><strong>Jalat<\/strong>\u00a0\u00bb\u00a0Pitk\u00e4t ja hoikat. takajalat korostuneen pitk\u00e4t ja etujalat sijoittuneet leve\u00e4sti antaen hieman l\u00e4nkis\u00e4\u00e4risen vaikutelman<br><strong>Tassut\u00a0<\/strong>\u00bb\u00a0Pienet ja soikeat<br><strong>H\u00e4nt\u00e4<\/strong>\u00a0\u00bb\u00a0Pitk\u00e4, ohut ja kapeneva, lyhyen karvan peitt\u00e4m\u00e4<\/p>\n<\/div>\n<\/div>\n\n\n\n<h5 class=\"wp-block-heading\">Turkki<\/h5>\n\n\n\n<p><strong>Turkin rakenne<\/strong>&nbsp;\u00bb&nbsp;Laadultaan lyhyt ja hieno, pehme\u00e4 ja laineikas, peitinkarvoilla tai ilman<br><strong>V\u00e4ritys<\/strong>&nbsp;\u00bb&nbsp;Kaikki v\u00e4rit ja kuviot ovat sallittuja my\u00f6s valkolaikkuisena. Valkoisen m\u00e4\u00e4r\u00e4\u00e4 ei ole rajattu. Rex-kissat jaetaan yhdeks\u00e4\u00e4n v\u00e4riryhm\u00e4\u00e4n<\/p>\n\n\n\n<p><strong>Huomautuksia<\/strong>\u00a0\u00bb\u00a0Monilla devon rexeill\u00e4 vatsakarvat ovat untuvaista nukkaa. Parhaimpana on pidett\u00e4v\u00e4 kissaa, jolla on t\u00e4ydellinen karvapeite<\/p>\n\n\n\n<p><\/p>\n\n\n\n<h5 class=\"wp-block-heading\">Virheet<\/h5>\n\n\n\n<p><strong>P\u00e4\u00e4<\/strong>&nbsp;\u00bb<\/p>\n\n\n\n<ul class=\"wp-block-list\"><li>kapea, pitk\u00e4 it\u00e4maistyyppinen<\/li><li>leve\u00e4 brittim\u00e4inen<\/li><\/ul>\n\n\n\n<p><strong>Korvat<\/strong>&nbsp;\u00bb<\/p>\n\n\n\n<ul class=\"wp-block-list\"><li>Pienet korvat<\/li><li>Korkealle asettuneet korvat<\/li><\/ul>\n\n\n\n<p><strong>Vartalo<\/strong>&nbsp;\u00bb<\/p>\n\n\n\n<ul class=\"wp-block-list\"><li>Lyhyentukeva vartalo<\/li><li>Lihakseton<\/li><\/ul>\n\n\n\n<p><strong>H\u00e4nt\u00e4<\/strong>&nbsp;\u00bb<\/p>\n\n\n\n<ul class=\"wp-block-list\"><li>Lyhyt h\u00e4nt\u00e4<\/li><li>Paljas tai tuuheakarvainen h\u00e4nt\u00e4<\/li><\/ul>\n\n\n\n<p><strong>Turkki&nbsp;<\/strong>\u00bb<\/p>\n\n\n\n<ul class=\"wp-block-list\"><li>Suoria karvoja<\/li><li>P\u00f6rr\u00f6inen turkki<\/li><li>Paljaat kohdat \u2013 pennuilla sallittu, aikuisilla virhe<br><br><\/li><\/ul>\n\n\n\n<h5 class=\"wp-block-heading\">Pistejako n\u00e4yttelyiss\u00e4<\/h5>\n\n\n\n<p>P\u00e4\u00e4 &gt; muoto, nen\u00e4, suu ja hampaat, otsa, leuan muoto ja silmien v\u00e4ri &gt; 25 pistett\u00e4<br>Korvat &gt; koko ja sijainti &gt; 10 pistett\u00e4<br>Viikset\/Kulmakarvat &gt; kihartuvuus &gt; 5 pistett\u00e4<br>Vartalo &gt; muoto, koko, luusto, kaula, jalkojen ja tassujen pituus ja muoto, h\u00e4nn\u00e4n pituus ja muoto &gt; 20 pistett\u00e4<br>Turkki &gt; kiharat ja\/tai laineet, laatu ja rakenne &gt; 35 pistett\u00e4<br>Kunto &gt; 5 pistett\u00e4<\/p>\n","protected":false},"excerpt":{"rendered":"<p>Yleist\u00e4 Koko \u00bb Keskikokoa P\u00e4\u00e4 Muoto\u00a0\u00bb\u00a0Lyhyt kiila.\u00a0Otsa kaartuu litte\u00e4ksi p\u00e4\u00e4laeksiOtsa\u00a0\u00bb\u00a0Py\u00f6ristynytPosket\u00a0\u00bb\u00a0Posket ovat t\u00e4ytel\u00e4iset ja poskip\u00e4\u00e4t hallitsevatNen\u00e4\u00a0\u00bb\u00a0Eritt\u00e4in lyhyt, py\u00f6ristynyt otsa luo vaikutelman painaumasta eli stopistaKuono\u00a0\u00bb\u00a0Lyhyt, leuka voimakas ja viiksityynyt erottuvat selv\u00e4sti poskip\u00e4ist\u00e4Viikset\/Kulmakarvat\u00a0\u00bb\u00a0Viikset ovat keskipitk\u00e4t, kiharat ja karhen tuntuiset Korvat Muoto\u00a0\u00bb\u00a0Korvat ovat eritt\u00e4in suuret, muodoltaan eritt\u00e4in leve\u00e4t tyvest\u00e4 kaventuen py\u00f6ristyneisiin k\u00e4rkiin. Korvia peitt\u00e4\u00e4 hento karva. Korvan takareunassa on karvainen tai karvaton ihopoimuSijainti\u00a0\u00bb\u00a0Eritt\u00e4in alhaalla Silm\u00e4t Muoto\u00a0\u00bb\u00a0Kooltaan suuret ja muodoltaan soikeat, sijaitsevat et\u00e4\u00e4ll\u00e4 toisistaan ja ovat vinoasentoiset suhteessa korviinV\u00e4ritys\u00a0\u00bb\u00a0Kirkas; puhdas ja selke\u00e4 v\u00e4ritys Niska Pitk\u00e4 ja hoikka Vartalo Rakenne\u00a0\u00a0\u00bb\u00a0Keskipitk\u00e4, kiinte\u00e4 ja lihaksikas, mutta hoikka. Rinta on leve\u00e4Jalat\u00a0\u00bb\u00a0Pitk\u00e4t ja hoikat. takajalat korostuneen pitk\u00e4t ja etujalat sijoittuneet leve\u00e4sti antaen hieman l\u00e4nkis\u00e4\u00e4risen vaikutelmanTassut\u00a0\u00bb\u00a0Pienet ja soikeatH\u00e4nt\u00e4\u00a0\u00bb\u00a0Pitk\u00e4, ohut ja kapeneva, lyhyen karvan peitt\u00e4m\u00e4 Turkki Turkin rakenne&nbsp;\u00bb&nbsp;Laadultaan lyhyt ja hieno, pehme\u00e4 ja laineikas, peitinkarvoilla tai ilmanV\u00e4ritys&nbsp;\u00bb&nbsp;Kaikki v\u00e4rit ja kuviot ovat sallittuja my\u00f6s valkolaikkuisena. Valkoisen m\u00e4\u00e4r\u00e4\u00e4 ei ole rajattu. Rex-kissat jaetaan yhdeks\u00e4\u00e4n v\u00e4riryhm\u00e4\u00e4n Huomautuksia\u00a0\u00bb\u00a0Monilla devon rexeill\u00e4 vatsakarvat ovat untuvaista nukkaa. Parhaimpana on pidett\u00e4v\u00e4 kissaa, jolla on t\u00e4ydellinen karvapeite Virheet P\u00e4\u00e4&nbsp;\u00bb kapea, pitk\u00e4 it\u00e4maistyyppinen leve\u00e4 brittim\u00e4inen Korvat&nbsp;\u00bb Pienet korvat Korkealle asettuneet korvat Vartalo&nbsp;\u00bb Lyhyentukeva vartalo Lihakseton H\u00e4nt\u00e4&nbsp;\u00bb Lyhyt h\u00e4nt\u00e4 Paljas tai tuuheakarvainen h\u00e4nt\u00e4 Turkki&nbsp;\u00bb Suoria karvoja P\u00f6rr\u00f6inen turkki Paljaat kohdat \u2013 pennuilla sallittu, aikuisilla virhe Pistejako n\u00e4yttelyiss\u00e4 P\u00e4\u00e4 &gt; muoto, nen\u00e4, suu ja hampaat, otsa, leuan muoto ja silmien v\u00e4ri &gt; 25 pistett\u00e4Korvat &gt; koko ja sijainti &gt; 10 pistett\u00e4Viikset\/Kulmakarvat &gt; kihartuvuus &gt; 5 pistett\u00e4Vartalo &gt; muoto, koko, luusto, kaula, jalkojen ja tassujen pituus ja muoto, h\u00e4nn\u00e4n pituus ja muoto &gt; 20 pistett\u00e4Turkki &gt; kiharat ja\/tai laineet, laatu ja rakenne &gt; 35 pistett\u00e4Kunto &gt; 5 pistett\u00e4<\/p>\n","protected":false},"author":2,"featured_media":0,"parent":0,"menu_order":0,"comment_status":"closed","ping_status":"closed","template":"","meta":{"footnotes":""},"class_list":["post-17","page","type-page","status-publish","hentry"],"_links":{"self":[{"href":"https:\/\/devonrex.fi\/index.php?rest_route=\/wp\/v2\/pages\/17","targetHints":{"allow":["GET"]}}],"collection":[{"href":"https:\/\/devonrex.fi\/index.php?rest_route=\/wp\/v2\/pages"}],"about":[{"href":"https:\/\/devonrex.fi\/index.php?rest_route=\/wp\/v2\/types\/page"}],"author":[{"embeddable":true,"href":"https:\/\/devonrex.fi\/index.php?rest_route=\/wp\/v2\/users\/2"}],"replies":[{"embeddable":true,"href":"https:\/\/devonrex.fi\/index.php?rest_route=%2Fwp%2Fv2%2Fcomments&post=17"}],"version-history":[{"count":0,"href":"https:\/\/devonrex.fi\/index.php?rest_route=\/wp\/v2\/pages\/17\/revisions"}],"wp:attachment":[{"href":"https:\/\/devonrex.fi\/index.php?rest_route=%2Fwp%2Fv2%2Fmedia&parent=17"}],"curies":[{"name":"wp","href":"https:\/\/api.w.org\/{rel}","templated":true}]}}