{"id":15,"date":"2021-04-04T15:36:07","date_gmt":"2021-04-04T15:36:07","guid":{"rendered":"https:\/\/devonrex.fi\/wordpress\/?page_id=15"},"modified":"2021-04-04T15:36:07","modified_gmt":"2021-04-04T15:36:07","slug":"tietoa-rodusta","status":"publish","type":"page","link":"https:\/\/devonrex.fi\/?page_id=15","title":{"rendered":"Tietoa rodusta"},"content":{"rendered":"\n<h5 class=\"wp-block-heading\">Ulkon\u00e4k\u00f6<\/h5>\n\n\n\n<p>Devon rexit ovat peikkomaisia mennink\u00e4iskissoja, joiden ulkon\u00e4k\u00f6 on varsin erikoinen. Vartaloltaan se on keskikokoinen \u2013 naaraat painavat n. 2-4kg ja urokset n. 3-5kg. Devonin takajalat ovat etujalkoja korkeammat ja leve\u00e4 rintakeh\u00e4 luo hieman l\u00e4nkis\u00e4\u00e4risen bulldogmaisen vaikutelman.<\/p>\n\n\n\n<p>Rodulla on pitk\u00e4t jalat, ja h\u00e4nt\u00e4 on pitk\u00e4 ja hieman kapeneva. Tassut ovat pienet ja soikeat. Hentoon niskaan asettuva p\u00e4\u00e4 on leve\u00e4 lyhyt kiila, p\u00e4\u00e4lt\u00e4 litte\u00e4 ja py\u00f6re\u00e4poskinen. Devon rexill\u00e4 on hyvin selke\u00e4 otsapenger ja korostuneet viiksityynyt. Korvalehdet ovat eritt\u00e4in suuret, matalalle p\u00e4\u00e4h\u00e4n kiinnittyneet, juurestaan eritt\u00e4in leve\u00e4t ja py\u00f6re\u00e4k\u00e4rkiset varustettuna ilvesm\u00e4isill\u00e4 tupsuilla. Silm\u00e4t ovat kauniit mantelin muotoiset, leve\u00e4lle asettuneet ja hieman vinot.<\/p>\n\n\n\n<p>Devonin ilme tulee olla hiukan julma mik\u00e4 luo h\u00e4mment\u00e4v\u00e4n ristiriidan yst\u00e4v\u00e4llisen luonteen kanssa. Rodun ehk\u00e4 h\u00e4tk\u00e4hdytt\u00e4vin piirre on lyhyt, kihara, eritt\u00e4in pehme\u00e4 turkki, jonka hoito on helppoa. Turkin hoidoksi riitt\u00e4\u00e4 yleens\u00e4 pelkk\u00e4 silittely ja pesu tarvittaessa, eik\u00e4 karvaa l\u00e4hde l\u00e4hes laisinkaan. T\u00e4m\u00e4n kiharageenin vuoksi viiksi- ja kulmakarvat saattavat olla hauraita, ja joskus niit\u00e4 ei ole ollenkaan tai ne ovat eritt\u00e4in lyhyit\u00e4.<\/p>\n\n\n\n<p>Devoneilla on kaikki v\u00e4rit sallittuja, joten niit\u00e4 l\u00f6ytyy kaikissa mahdollisissa v\u00e4reiss\u00e4, niin naamioilla kuin kuvioillakin, joten joka makuun l\u00f6ytyy varmasti omanlainen rotunsa edustaja.<\/p>\n\n\n\n<p>Devonien \u00e4\u00e4ni on yll\u00e4tt\u00e4v\u00e4n hiljainen, mutta ahkerassa k\u00e4yt\u00f6ss\u00e4. Suurin osa n\u00e4ist\u00e4 kissoista on kovia \u201djuttelemaan\u201d ja ne kertovat laumansa muille j\u00e4senille kuulumisiaan vienolla kurinalla ja naukaisuilla.<\/p>\n\n\n\n<p><\/p>\n\n\n\n<h5 class=\"wp-block-heading\">Luonteenpiirteet<\/h5>\n\n\n\n<p>Devon rex on eritt\u00e4in ihmisorientoitunut rotu ja niiden uteliaisuus onkin suorastaan legendaarista. Mit\u00e4 ikin\u00e4 kotona puuhasteletkin \u2013 teet sen devon rexin kanssa. Tiskaus, takanl\u00e4mmitys, saunominen \u2013 devon rexilt\u00e4 onnistuu kaikki! Devon rexi\u00e4 sanotaan usein hyvin koiramaiseksi roduksi, sill\u00e4 se on hyvin \u00e4lyk\u00e4s kissa, joka vaatii aktiviteetteja. Se on vilkas, ylti\u00f6sosiaalinen syliss\u00e4 viihtyv\u00e4 kehruukone, joka heiluttaa h\u00e4nt\u00e4\u00e4ns\u00e4 tyytyv\u00e4isyyden merkiksi. My\u00f6s apinamaisia piirteit\u00e4 devon rexist\u00e4 l\u00f6ytyy, sill\u00e4 kodinaskareet suoritetaan yleens\u00e4 omistajan olkap\u00e4\u00e4ll\u00e4 keikkuen.<\/p>\n\n\n\n<p>Rotu on hyvin sosiaalinen ja kissat sopeutuvat yleens\u00e4 ongelmitta laumaan, koostui tuo lauma sitten lapsiperheest\u00e4, kissoista tai koirista. Devonilla tulisikin mielell\u00e4\u00e4n olla kissakaveri, koska yksin vietetty aika k\u00e4y varmasti pitk\u00e4ksi ja kun kissa pitk\u00e4styy, se todenn\u00e4k\u00f6isesti keksii itselleen omia aktiviteettej\u00e4, jotka eiv\u00e4t omistajaa v\u00e4ltt\u00e4m\u00e4tt\u00e4 miellyt\u00e4. Koska rotu on eritt\u00e4in sosiaalinen ja utelias, vierailta ei piilouduta vaan p\u00e4invastoin.<\/p>\n\n\n\n<p>Vieras yleens\u00e4 saa h\u00e4mm\u00e4styksekseen syliins\u00e4 keikkumaan kiharan pikkukaverin, joka osaa eleill\u00e4\u00e4n suvereenisti viestitt\u00e4\u00e4 olevansa huomion ja rapsuttelujen arvoinen.<\/p>\n\n\n\n<p>Devonit ovat aika kylm\u00e4arkoja eiv\u00e4tk\u00e4 sovellu ulkokissoiksi kuin korkeintaan tarhassa tai valjaissa ulkoilemalla l\u00e4mpimill\u00e4 kes\u00e4keleill\u00e4. Sis\u00e4tiloissa ne etsiytyv\u00e4t mahdollisimman l\u00e4mpimiin paikkoihin nukkumaan ja suosikkipaikkoja ovatkin yleens\u00e4 patterit ja esimerkiksi saunan j\u00e4lkil\u00f6ylyt. Nukkumapaikoista parhain tuntuu kuitenkin olevan l\u00e4hes jokaisen Devonin mielest\u00e4 p\u00e4iv\u00e4saikaan ihmisen l\u00e4mmin syli ja sitten y\u00f6ll\u00e4 omistajan peiton alla kainaloon tai jalkoihin k\u00e4pertyneen\u00e4.<\/p>\n\n\n\n<p><\/p>\n\n\n\n<h5 class=\"wp-block-heading\">Devon rexit Suomessa<\/h5>\n\n\n\n<p>Ensimm\u00e4inen devon rex tuli Suomeen 1971 Ruotsista, mutta rodun kasvatus alkoi vasta 1990-luvulla. Suomessa devoneiden m\u00e4\u00e4r\u00e4 ja samalla harrastajien m\u00e4\u00e4r\u00e4 on lis\u00e4\u00e4ntynyt huimasti viimeisien vuosien aikana. T\u00e4ll\u00e4 hetkell\u00e4 Suomessa on varovaisenkin arvion mukaan devoneita jo tuhat\u00a0ja kasvattajiakin pari kymment\u00e4. Pentuja syntyykin jo mukava m\u00e4\u00e4r\u00e4 vuosittain ja rodun s\u00e4ilymisen kannalta eritt\u00e4in t\u00e4rkeit\u00e4 ulkomaantuonteja on saatu vahvistukseksi.<\/p>\n\n\n\n<p><\/p>\n\n\n\n<blockquote class=\"wp-block-quote is-layout-flow wp-block-quote-is-layout-flow\"><p>Nykyp\u00e4iv\u00e4n\u00e4 voitkin tavata melkeinp\u00e4 miss\u00e4p\u00e4in tahansa Suomea n\u00e4yttelyn yhteydess\u00e4 tuon pienen, h\u00f6r\u00f6korvaisen syd\u00e4menvaltaajan!<\/p><\/blockquote>\n","protected":false},"excerpt":{"rendered":"<p>Ulkon\u00e4k\u00f6 Devon rexit ovat peikkomaisia mennink\u00e4iskissoja, joiden ulkon\u00e4k\u00f6 on varsin erikoinen. Vartaloltaan se on keskikokoinen \u2013 naaraat painavat n. 2-4kg ja urokset n. 3-5kg. Devonin takajalat ovat etujalkoja korkeammat ja leve\u00e4 rintakeh\u00e4 luo hieman l\u00e4nkis\u00e4\u00e4risen bulldogmaisen vaikutelman. Rodulla on pitk\u00e4t jalat, ja h\u00e4nt\u00e4 on pitk\u00e4 ja hieman kapeneva. Tassut ovat pienet ja soikeat. Hentoon niskaan asettuva p\u00e4\u00e4 on leve\u00e4 lyhyt kiila, p\u00e4\u00e4lt\u00e4 litte\u00e4 ja py\u00f6re\u00e4poskinen. Devon rexill\u00e4 on hyvin selke\u00e4 otsapenger ja korostuneet viiksityynyt. Korvalehdet ovat eritt\u00e4in suuret, matalalle p\u00e4\u00e4h\u00e4n kiinnittyneet, juurestaan eritt\u00e4in leve\u00e4t ja py\u00f6re\u00e4k\u00e4rkiset varustettuna ilvesm\u00e4isill\u00e4 tupsuilla. Silm\u00e4t ovat kauniit mantelin muotoiset, leve\u00e4lle asettuneet ja hieman vinot. Devonin ilme tulee olla hiukan julma mik\u00e4 luo h\u00e4mment\u00e4v\u00e4n ristiriidan yst\u00e4v\u00e4llisen luonteen kanssa. Rodun ehk\u00e4 h\u00e4tk\u00e4hdytt\u00e4vin piirre on lyhyt, kihara, eritt\u00e4in pehme\u00e4 turkki, jonka hoito on helppoa. Turkin hoidoksi riitt\u00e4\u00e4 yleens\u00e4 pelkk\u00e4 silittely ja pesu tarvittaessa, eik\u00e4 karvaa l\u00e4hde l\u00e4hes laisinkaan. T\u00e4m\u00e4n kiharageenin vuoksi viiksi- ja kulmakarvat saattavat olla hauraita, ja joskus niit\u00e4 ei ole ollenkaan tai ne ovat eritt\u00e4in lyhyit\u00e4. Devoneilla on kaikki v\u00e4rit sallittuja, joten niit\u00e4 l\u00f6ytyy kaikissa mahdollisissa v\u00e4reiss\u00e4, niin naamioilla kuin kuvioillakin, joten joka makuun l\u00f6ytyy varmasti omanlainen rotunsa edustaja. Devonien \u00e4\u00e4ni on yll\u00e4tt\u00e4v\u00e4n hiljainen, mutta ahkerassa k\u00e4yt\u00f6ss\u00e4. Suurin osa n\u00e4ist\u00e4 kissoista on kovia \u201djuttelemaan\u201d ja ne kertovat laumansa muille j\u00e4senille kuulumisiaan vienolla kurinalla ja naukaisuilla. Luonteenpiirteet Devon rex on eritt\u00e4in ihmisorientoitunut rotu ja niiden uteliaisuus onkin suorastaan legendaarista. Mit\u00e4 ikin\u00e4 kotona puuhasteletkin \u2013 teet sen devon rexin kanssa. Tiskaus, takanl\u00e4mmitys, saunominen \u2013 devon rexilt\u00e4 onnistuu kaikki! Devon rexi\u00e4 sanotaan usein hyvin koiramaiseksi roduksi, sill\u00e4 se on hyvin \u00e4lyk\u00e4s kissa, joka vaatii aktiviteetteja. Se on vilkas, ylti\u00f6sosiaalinen syliss\u00e4 viihtyv\u00e4 kehruukone, joka heiluttaa h\u00e4nt\u00e4\u00e4ns\u00e4 tyytyv\u00e4isyyden merkiksi. My\u00f6s apinamaisia piirteit\u00e4 devon rexist\u00e4 l\u00f6ytyy, sill\u00e4 kodinaskareet suoritetaan yleens\u00e4 omistajan olkap\u00e4\u00e4ll\u00e4 keikkuen. Rotu on hyvin sosiaalinen ja kissat sopeutuvat yleens\u00e4 ongelmitta laumaan, koostui tuo lauma sitten lapsiperheest\u00e4, kissoista tai koirista. Devonilla tulisikin mielell\u00e4\u00e4n olla kissakaveri, koska yksin vietetty aika k\u00e4y varmasti pitk\u00e4ksi ja kun kissa pitk\u00e4styy, se todenn\u00e4k\u00f6isesti keksii itselleen omia aktiviteettej\u00e4, jotka eiv\u00e4t omistajaa v\u00e4ltt\u00e4m\u00e4tt\u00e4 miellyt\u00e4. Koska rotu on eritt\u00e4in sosiaalinen ja utelias, vierailta ei piilouduta vaan p\u00e4invastoin. Vieras yleens\u00e4 saa h\u00e4mm\u00e4styksekseen syliins\u00e4 keikkumaan kiharan pikkukaverin, joka osaa eleill\u00e4\u00e4n suvereenisti viestitt\u00e4\u00e4 olevansa huomion ja rapsuttelujen arvoinen. Devonit ovat aika kylm\u00e4arkoja eiv\u00e4tk\u00e4 sovellu ulkokissoiksi kuin korkeintaan tarhassa tai valjaissa ulkoilemalla l\u00e4mpimill\u00e4 kes\u00e4keleill\u00e4. Sis\u00e4tiloissa ne etsiytyv\u00e4t mahdollisimman l\u00e4mpimiin paikkoihin nukkumaan ja suosikkipaikkoja ovatkin yleens\u00e4 patterit ja esimerkiksi saunan j\u00e4lkil\u00f6ylyt. Nukkumapaikoista parhain tuntuu kuitenkin olevan l\u00e4hes jokaisen Devonin mielest\u00e4 p\u00e4iv\u00e4saikaan ihmisen l\u00e4mmin syli ja sitten y\u00f6ll\u00e4 omistajan peiton alla kainaloon tai jalkoihin k\u00e4pertyneen\u00e4. Devon rexit Suomessa Ensimm\u00e4inen devon rex tuli Suomeen 1971 Ruotsista, mutta rodun kasvatus alkoi vasta 1990-luvulla. Suomessa devoneiden m\u00e4\u00e4r\u00e4 ja samalla harrastajien m\u00e4\u00e4r\u00e4 on lis\u00e4\u00e4ntynyt huimasti viimeisien vuosien aikana. T\u00e4ll\u00e4 hetkell\u00e4 Suomessa on varovaisenkin arvion mukaan devoneita jo tuhat\u00a0ja kasvattajiakin pari kymment\u00e4. Pentuja syntyykin jo mukava m\u00e4\u00e4r\u00e4 vuosittain ja rodun s\u00e4ilymisen kannalta eritt\u00e4in t\u00e4rkeit\u00e4 ulkomaantuonteja on saatu vahvistukseksi. Nykyp\u00e4iv\u00e4n\u00e4 voitkin tavata melkeinp\u00e4 miss\u00e4p\u00e4in tahansa Suomea n\u00e4yttelyn yhteydess\u00e4 tuon pienen, h\u00f6r\u00f6korvaisen syd\u00e4menvaltaajan!<\/p>\n","protected":false},"author":2,"featured_media":0,"parent":0,"menu_order":0,"comment_status":"closed","ping_status":"closed","template":"","meta":{"footnotes":""},"class_list":["post-15","page","type-page","status-publish","hentry"],"_links":{"self":[{"href":"https:\/\/devonrex.fi\/index.php?rest_route=\/wp\/v2\/pages\/15","targetHints":{"allow":["GET"]}}],"collection":[{"href":"https:\/\/devonrex.fi\/index.php?rest_route=\/wp\/v2\/pages"}],"about":[{"href":"https:\/\/devonrex.fi\/index.php?rest_route=\/wp\/v2\/types\/page"}],"author":[{"embeddable":true,"href":"https:\/\/devonrex.fi\/index.php?rest_route=\/wp\/v2\/users\/2"}],"replies":[{"embeddable":true,"href":"https:\/\/devonrex.fi\/index.php?rest_route=%2Fwp%2Fv2%2Fcomments&post=15"}],"version-history":[{"count":0,"href":"https:\/\/devonrex.fi\/index.php?rest_route=\/wp\/v2\/pages\/15\/revisions"}],"wp:attachment":[{"href":"https:\/\/devonrex.fi\/index.php?rest_route=%2Fwp%2Fv2%2Fmedia&parent=15"}],"curies":[{"name":"wp","href":"https:\/\/api.w.org\/{rel}","templated":true}]}}