{"id":136,"date":"2021-04-04T20:18:07","date_gmt":"2021-04-04T20:18:07","guid":{"rendered":"https:\/\/devonrex.fi\/wordpress\/?page_id=136"},"modified":"2021-04-24T12:49:09","modified_gmt":"2021-04-24T12:49:09","slug":"yhteystiedot","status":"publish","type":"page","link":"http:\/\/devonrex.fi\/?page_id=136","title":{"rendered":"Yhteystiedot"},"content":{"rendered":"\n<p>Yll\u00e4pito ja p\u00e4ivitykset<\/p>\n\n\n\n<p>Eva Wallinvirta |&nbsp;<a href=\"mailto:eva.wallinvirta@gmail.com\">eva.wallinvirta@gmail.com<\/a><br>Marja V\u00e4rri |&nbsp;<a href=\"mailto:berrys.cattery@gmail.com\">berrys.cattery@gmail.com<\/a><\/p>\n","protected":false},"excerpt":{"rendered":"<p>Yll\u00e4pito ja p\u00e4ivitykset Eva Wallinvirta |&nbsp;eva.wallinvirta@gmail.comMarja V\u00e4rri |&nbsp;berrys.cattery@gmail.com<\/p>\n","protected":false},"author":2,"featured_media":0,"parent":0,"menu_order":0,"comment_status":"closed","ping_status":"closed","template":"","meta":{"footnotes":""},"class_list":["post-136","page","type-page","status-publish","hentry"],"_links":{"self":[{"href":"http:\/\/devonrex.fi\/index.php?rest_route=\/wp\/v2\/pages\/136","targetHints":{"allow":["GET"]}}],"collection":[{"href":"http:\/\/devonrex.fi\/index.php?rest_route=\/wp\/v2\/pages"}],"about":[{"href":"http:\/\/devonrex.fi\/index.php?rest_route=\/wp\/v2\/types\/page"}],"author":[{"embeddable":true,"href":"http:\/\/devonrex.fi\/index.php?rest_route=\/wp\/v2\/users\/2"}],"replies":[{"embeddable":true,"href":"http:\/\/devonrex.fi\/index.php?rest_route=%2Fwp%2Fv2%2Fcomments&post=136"}],"version-history":[{"count":1,"href":"http:\/\/devonrex.fi\/index.php?rest_route=\/wp\/v2\/pages\/136\/revisions"}],"predecessor-version":[{"id":256,"href":"http:\/\/devonrex.fi\/index.php?rest_route=\/wp\/v2\/pages\/136\/revisions\/256"}],"wp:attachment":[{"href":"http:\/\/devonrex.fi\/index.php?rest_route=%2Fwp%2Fv2%2Fmedia&parent=136"}],"curies":[{"name":"wp","href":"https:\/\/api.w.org\/{rel}","templated":true}]}}